{"id":10702,"date":"2023-07-20T14:59:03","date_gmt":"2023-07-20T14:59:03","guid":{"rendered":"https:\/\/argyleassociates.com\/health-questionnaire\/"},"modified":"2025-11-27T13:33:58","modified_gmt":"2025-11-27T13:33:58","slug":"questionnaire-de-sante","status":"publish","type":"page","link":"https:\/\/argyleassociates.com\/fr\/pour-les-patients\/questionnaire-de-sante\/","title":{"rendered":"Questionnaire de sant\u00e9"},"content":{"rendered":"\t\t<div data-elementor-type=\"wp-page\" data-elementor-id=\"10702\" class=\"elementor elementor-10702 elementor-9618\" data-elementor-post-type=\"page\">\n\t\t\t\t\t\t<section class=\"elementor-section elementor-top-section elementor-element elementor-element-68aa184d elementor-section-stretched elementor-section-boxed elementor-section-height-default elementor-section-height-default\" data-id=\"68aa184d\" data-element_type=\"section\" data-e-type=\"section\" data-settings=\"{&quot;stretch_section&quot;:&quot;section-stretched&quot;,&quot;background_background&quot;:&quot;classic&quot;}\">\n\t\t\t\t\t\t\t<div class=\"elementor-background-overlay\"><\/div>\n\t\t\t\t\t\t\t<div class=\"elementor-container elementor-column-gap-default\">\n\t\t\t\t\t<div class=\"elementor-column elementor-col-100 elementor-top-column elementor-element elementor-element-4e974a4b\" data-id=\"4e974a4b\" data-element_type=\"column\" data-e-type=\"column\">\n\t\t\t<div class=\"elementor-widget-wrap elementor-element-populated\">\n\t\t\t\t\t\t<div class=\"elementor-element elementor-element-8216102 elementor-widget elementor-widget-rt-banner\" data-id=\"8216102\" data-element_type=\"widget\" data-e-type=\"widget\" data-widget_type=\"rt-banner.default\">\n\t\t\t\t<div class=\"elementor-widget-container\">\n\t\t\t\t\t<div class=\"main-banner-wrap2 motion-effects-wrap\">\r\n\t\t<div class=\"shape-list\">\r\n\t  <ul>\r\n\t   \t  \t\t<li><\/li>\r\n\t  \t\t  <\/ul>\r\n\t<\/div>\r\n\t\t  <div class=\"row align-items-center\">\r\n\t    <div class=\"col-lg-6\">\r\n\t      <div class=\"main-banner-box1 main-banner-box4\">\r\n\t      \t\t        <div class=\"heading-title\">\r\n\t          <h1>Questionnaire de sant\u00e9<\/h1>\r\n\t        <\/div>\r\n\t        \t        \t        <div class=\"item-button\">\r\n\t          <a class=\"item-btn\" href=\"https:\/\/argyleassociates.com\/fr\/contactez-nous\/\">Contactez-nous<i class=\"fas fa-angle-right\"><\/i><\/a>\t        <\/div>\r\n\t        \t      <\/div>\r\n\t    <\/div>\r\n\t    <div class=\"col-lg-6\">\r\n\t      <div class=\"main-banner-box2 main-banner-box3 wow fadeInRight\" data-wow-delay=\".6s\">\r\n\t        <div class=\"item-img\">\r\n\t          \t        \t<img fetchpriority=\"high\" decoding=\"async\" width=\"513\" height=\"272\" src=\"https:\/\/argyleassociates.com\/wp-content\/uploads\/2023\/07\/dental-implant-img1-1.jpg\" class=\"attachment-full size-full\" alt=\"\" srcset=\"https:\/\/argyleassociates.com\/wp-content\/uploads\/2023\/07\/dental-implant-img1-1.jpg 513w, https:\/\/argyleassociates.com\/wp-content\/uploads\/2023\/07\/dental-implant-img1-1-300x159.jpg 300w\" sizes=\"(max-width: 513px) 100vw, 513px\" \/>\t          \t          \t        <\/div>\r\n\t      <\/div>\r\n\t    <\/div>\r\n\t  <\/div>\r\n<\/div>\t\t\t\t<\/div>\n\t\t\t\t<\/div>\n\t\t\t\t\t<\/div>\n\t\t<\/div>\n\t\t\t\t\t<\/div>\n\t\t<\/section>\n\t\t\t\t<section class=\"elementor-section elementor-top-section elementor-element elementor-element-7400052 elementor-section-stretched elementor-section-boxed elementor-section-height-default elementor-section-height-default\" data-id=\"7400052\" data-element_type=\"section\" data-e-type=\"section\" data-settings=\"{&quot;stretch_section&quot;:&quot;section-stretched&quot;}\">\n\t\t\t\t\t\t<div class=\"elementor-container elementor-column-gap-default\">\n\t\t\t\t\t<div class=\"elementor-column elementor-col-50 elementor-top-column elementor-element elementor-element-be95334\" data-id=\"be95334\" data-element_type=\"column\" data-e-type=\"column\">\n\t\t\t<div class=\"elementor-widget-wrap elementor-element-populated\">\n\t\t\t\t\t\t<div class=\"elementor-element elementor-element-c5efbbe elementor-widget__width-inherit elementor-widget elementor-widget-rt-text-with-title\" data-id=\"c5efbbe\" data-element_type=\"widget\" data-e-type=\"widget\" data-widget_type=\"rt-text-with-title.default\">\n\t\t\t\t<div class=\"elementor-widget-container\">\n\t\t\t\t\t\r\n<div class=\"rt-el-twt-5\">\t\r\n\t<div class=\"item-content\">\r\n\t\t\t\t\t\t\t\t<div class=\"content-with-img section_type-1 home-services align_item_cnt\"><div class=\"content-left\"><p>Si c'est la premi\u00e8re fois que vous choisissez Argyle Associates pour votre chirurgie buccale \u00e0 Ottawa, voici ce \u00e0 quoi vous pouvez vous attendre. Votre premi\u00e8re visite sera une consultation. C'est votre chance de rencontrer votre chirurgien, d'en savoir plus sur votre chirurgie et de poser des questions sur la proc\u00e9dure ou les frais. Ce sera \u00e9galement notre chance de revoir vos ant\u00e9c\u00e9dents m\u00e9dicaux et dentaires et de prendre les radiographies n\u00e9cessaires. Le but de ce rendez-vous est de s'assurer que vous vous sentez \u00e0 l'aise avec votre proc\u00e9dure et de s'assurer que notre \u00e9quipe est parfaitement pr\u00e9par\u00e9e pour le jour de la chirurgie. Cette consultation dure g\u00e9n\u00e9ralement entre 45 et 75 minutes, veuillez arriver 15 minutes \u00e0 l'avance pour vous enregistrer.<\/p><\/div><\/div><div class=\"content-with-img section_type-1 home-services new_faq_main\"><div class=\"content-left\"><div class=\"location-faq\"><div class=\"main-content\"><div class=\"accordion-component\"><h3>\u00a0<\/h3><\/div><\/div><\/div><\/div><\/div>\t\r\n\t\t\t<\/div>\r\n<\/div>\r\n\r\n\t\t\t\t<\/div>\n\t\t\t\t<\/div>\n\t\t\t\t\t<\/div>\n\t\t<\/div>\n\t\t\t\t<div class=\"elementor-column elementor-col-50 elementor-top-column elementor-element elementor-element-a3ee0eb\" data-id=\"a3ee0eb\" data-element_type=\"column\" data-e-type=\"column\" data-settings=\"{&quot;background_background&quot;:&quot;classic&quot;}\">\n\t\t\t<div class=\"elementor-widget-wrap elementor-element-populated\">\n\t\t\t\t\t\t<div class=\"elementor-element elementor-element-e26e278 elementor-widget elementor-widget-rt-about-us\" data-id=\"e26e278\" data-element_type=\"widget\" data-e-type=\"widget\" data-widget_type=\"rt-about-us.default\">\n\t\t\t\t<div class=\"elementor-widget-container\">\n\t\t\t\t\t<div class=\"about-box-layout22 motion-effects-wrap\">\r\n    <figure class=\"item-img\">\r\n        \t\t<img decoding=\"async\" width=\"1000\" height=\"600\" src=\"https:\/\/argyleassociates.com\/wp-content\/uploads\/2023\/08\/healt-questionaire-2.jpg\" class=\"attachment-full size-full\" alt=\"FAQs\" srcset=\"https:\/\/argyleassociates.com\/wp-content\/uploads\/2023\/08\/healt-questionaire-2.jpg 1000w, https:\/\/argyleassociates.com\/wp-content\/uploads\/2023\/08\/healt-questionaire-2-300x180.jpg 300w\" sizes=\"(max-width: 1000px) 100vw, 1000px\" \/>\t\t        <div class=\"item-thumbs-img\">\r\n            <ul>\r\n            \t            <\/ul>\r\n        <\/div>\r\n        <div class=\"item-round\"><\/div>\r\n        <div class=\"shape-element\">\r\n            <ul>\r\n            \t\t\t\t    <li>\r\n\t\t\t    \t\t\t\t    <\/li>\r\n\t\t\t                <\/ul>\r\n        <\/div>\r\n        <div class=\"rt__circle\">\r\n            <div class=\"round-shape\"><i class=\"flaticon-medical-5\"><\/i><\/div>\r\n        <\/div>\r\n    <\/figure>\r\n<\/div>\r\n\t\t\t\t<\/div>\n\t\t\t\t<\/div>\n\t\t\t\t\t<\/div>\n\t\t<\/div>\n\t\t\t\t\t<\/div>\n\t\t<\/section>\n\t\t\t\t<section class=\"elementor-section elementor-top-section elementor-element elementor-element-da56d80 elementor-section-stretched elementor-section-boxed elementor-section-height-default elementor-section-height-default\" data-id=\"da56d80\" data-element_type=\"section\" data-e-type=\"section\" data-settings=\"{&quot;stretch_section&quot;:&quot;section-stretched&quot;}\">\n\t\t\t\t\t\t<div class=\"elementor-container elementor-column-gap-default\">\n\t\t\t\t\t<div class=\"elementor-column elementor-col-100 elementor-top-column elementor-element elementor-element-01e4bc1\" data-id=\"01e4bc1\" data-element_type=\"column\" data-e-type=\"column\">\n\t\t\t<div class=\"elementor-widget-wrap\">\n\t\t\t\t\t\t\t<\/div>\n\t\t<\/div>\n\t\t\t\t\t<\/div>\n\t\t<\/section>\n\t\t\t\t<section class=\"elementor-section elementor-top-section elementor-element elementor-element-48c38513 elementor-section-stretched elementor-section-boxed elementor-section-height-default elementor-section-height-default\" data-id=\"48c38513\" data-element_type=\"section\" data-e-type=\"section\" data-settings=\"{&quot;stretch_section&quot;:&quot;section-stretched&quot;,&quot;background_background&quot;:&quot;classic&quot;}\">\n\t\t\t\t\t\t<div class=\"elementor-container elementor-column-gap-default\">\n\t\t\t\t\t<div class=\"elementor-column elementor-col-100 elementor-top-column elementor-element elementor-element-5cb43c15\" data-id=\"5cb43c15\" data-element_type=\"column\" data-e-type=\"column\">\n\t\t\t<div class=\"elementor-widget-wrap elementor-element-populated\">\n\t\t\t\t\t\t<div class=\"elementor-element elementor-element-42e4109f elementor-widget elementor-widget-rt-cta\" data-id=\"42e4109f\" data-element_type=\"widget\" data-e-type=\"widget\" data-widget_type=\"rt-cta.default\">\n\t\t\t\t<div class=\"elementor-widget-container\">\n\t\t\t\t\t\r\n<div class=\"call-to-action-box-layout6\">\r\n            <p class=\"item-sub-title\">Contactez-nous aujourd'hui<\/p>\r\n       \r\n          <h2 class=\"item-title\">Un de nos professionnels qualifi\u00e9s vous r\u00e9pondra dans les plus brefs d\u00e9lais.<\/h2>\r\n          \r\n        <div class=\"call-to-action-btn\">\r\n        <a class=\"item-btn\" href=\"https:\/\/argyleassociates.com\/fr\/contactez-nous\/\">Contact Us!<\/a>                                  \r\n    <\/div>      \r\n       \r\n<\/div>\r\n\r\n\t\t\t\t<\/div>\n\t\t\t\t<\/div>\n\t\t\t\t\t<\/div>\n\t\t<\/div>\n\t\t\t\t\t<\/div>\n\t\t<\/section>\n\t\t\t\t<\/div>\n\t\t","protected":false},"excerpt":{"rendered":"<p>Questionnaire de sant\u00e9 Contactez-nous Si c&#8217;est la premi\u00e8re fois que vous choisissez Argyle Associates pour votre chirurgie buccale \u00e0 Ottawa, voici ce \u00e0 quoi vous pouvez vous attendre. Votre premi\u00e8re visite sera une consultation. C&#8217;est votre chance de rencontrer votre chirurgien, d&#8217;en savoir plus sur votre chirurgie et de poser des questions sur la proc\u00e9dure&#8230;<\/p>\n","protected":false},"author":1,"featured_media":0,"parent":10758,"menu_order":0,"comment_status":"closed","ping_status":"closed","template":"elementor_header_footer","meta":{"inline_featured_image":false,"footnotes":""},"class_list":["post-10702","page","type-page","status-publish","hentry"],"yoast_head":"<!-- This site is optimized with the Yoast SEO plugin v27.3 - https:\/\/yoast.com\/product\/yoast-seo-wordpress\/ -->\n<title>Questionnaire de sant\u00e9 : Instructions chirurgicales<\/title>\n<meta name=\"description\" content=\"Sp\u00e9cialistes en anesth\u00e9sie, implants dentaires, extraction de dents de sagesse. Des proc\u00e9dures s\u00fbres et fiables.\" \/>\n<meta name=\"robots\" content=\"index, follow, max-snippet:-1, max-image-preview:large, max-video-preview:-1\" \/>\n<link rel=\"canonical\" href=\"https:\/\/argyleassociates.com\/fr\/pour-les-patients\/questionnaire-de-sante\/\" \/>\n<meta property=\"og:locale\" content=\"fr_FR\" \/>\n<meta property=\"og:type\" content=\"article\" \/>\n<meta property=\"og:title\" content=\"Questionnaire de sant\u00e9 : Instructions chirurgicales\" \/>\n<meta property=\"og:description\" content=\"Sp\u00e9cialistes en anesth\u00e9sie, implants dentaires, extraction de dents de sagesse. Des proc\u00e9dures s\u00fbres et fiables.\" \/>\n<meta property=\"og:url\" content=\"https:\/\/argyleassociates.com\/fr\/pour-les-patients\/questionnaire-de-sante\/\" \/>\n<meta property=\"og:site_name\" content=\"Argyle Associates\" \/>\n<meta property=\"article:publisher\" content=\"https:\/\/www.facebook.com\/argyleassociates\/\" \/>\n<meta property=\"article:modified_time\" content=\"2025-11-27T13:33:58+00:00\" \/>\n<meta property=\"og:image\" content=\"https:\/\/argyleassociates.com\/wp-content\/uploads\/2023\/07\/dental-implant-img1-1.jpg\" \/>\n<meta name=\"twitter:card\" content=\"summary_large_image\" \/>\n<meta name=\"twitter:site\" content=\"@ArgyleAssociate\" \/>\n<meta name=\"twitter:label1\" content=\"Dur\u00e9e de lecture estim\u00e9e\" \/>\n\t<meta name=\"twitter:data1\" content=\"2 minutes\" \/>\n<script type=\"application\/ld+json\" class=\"yoast-schema-graph\">{\"@context\":\"https:\\\/\\\/schema.org\",\"@graph\":[{\"@type\":\"WebPage\",\"@id\":\"https:\\\/\\\/argyleassociates.com\\\/fr\\\/pour-les-patients\\\/questionnaire-de-sante\\\/\",\"url\":\"https:\\\/\\\/argyleassociates.com\\\/fr\\\/pour-les-patients\\\/questionnaire-de-sante\\\/\",\"name\":\"Questionnaire de sant\u00e9 : Instructions chirurgicales\",\"isPartOf\":{\"@id\":\"https:\\\/\\\/argyleassociates.com\\\/fr\\\/#website\"},\"primaryImageOfPage\":{\"@id\":\"https:\\\/\\\/argyleassociates.com\\\/fr\\\/pour-les-patients\\\/questionnaire-de-sante\\\/#primaryimage\"},\"image\":{\"@id\":\"https:\\\/\\\/argyleassociates.com\\\/fr\\\/pour-les-patients\\\/questionnaire-de-sante\\\/#primaryimage\"},\"thumbnailUrl\":\"https:\\\/\\\/argyleassociates.com\\\/wp-content\\\/uploads\\\/2023\\\/07\\\/dental-implant-img1-1.jpg\",\"datePublished\":\"2023-07-20T14:59:03+00:00\",\"dateModified\":\"2025-11-27T13:33:58+00:00\",\"description\":\"Sp\u00e9cialistes en anesth\u00e9sie, implants dentaires, extraction de dents de sagesse. Des proc\u00e9dures s\u00fbres et fiables.\",\"breadcrumb\":{\"@id\":\"https:\\\/\\\/argyleassociates.com\\\/fr\\\/pour-les-patients\\\/questionnaire-de-sante\\\/#breadcrumb\"},\"inLanguage\":\"fr-FR\",\"potentialAction\":[{\"@type\":\"ReadAction\",\"target\":[\"https:\\\/\\\/argyleassociates.com\\\/fr\\\/pour-les-patients\\\/questionnaire-de-sante\\\/\"]}]},{\"@type\":\"ImageObject\",\"inLanguage\":\"fr-FR\",\"@id\":\"https:\\\/\\\/argyleassociates.com\\\/fr\\\/pour-les-patients\\\/questionnaire-de-sante\\\/#primaryimage\",\"url\":\"https:\\\/\\\/argyleassociates.com\\\/wp-content\\\/uploads\\\/2023\\\/07\\\/dental-implant-img1-1.jpg\",\"contentUrl\":\"https:\\\/\\\/argyleassociates.com\\\/wp-content\\\/uploads\\\/2023\\\/07\\\/dental-implant-img1-1.jpg\"},{\"@type\":\"BreadcrumbList\",\"@id\":\"https:\\\/\\\/argyleassociates.com\\\/fr\\\/pour-les-patients\\\/questionnaire-de-sante\\\/#breadcrumb\",\"itemListElement\":[{\"@type\":\"ListItem\",\"position\":1,\"name\":\"Home\",\"item\":\"https:\\\/\\\/argyleassociates.com\\\/fr\\\/\"},{\"@type\":\"ListItem\",\"position\":2,\"name\":\"Pour les patients\",\"item\":\"https:\\\/\\\/argyleassociates.com\\\/fr\\\/pour-les-patients\\\/\"},{\"@type\":\"ListItem\",\"position\":3,\"name\":\"Questionnaire de sant\u00e9\"}]},{\"@type\":\"WebSite\",\"@id\":\"https:\\\/\\\/argyleassociates.com\\\/fr\\\/#website\",\"url\":\"https:\\\/\\\/argyleassociates.com\\\/fr\\\/\",\"name\":\"Argyle Associates\",\"description\":\"Wisdom Teeth, Dental Implants &amp; Maxillofacial Surgery\",\"publisher\":{\"@id\":\"https:\\\/\\\/argyleassociates.com\\\/fr\\\/#organization\"},\"potentialAction\":[{\"@type\":\"SearchAction\",\"target\":{\"@type\":\"EntryPoint\",\"urlTemplate\":\"https:\\\/\\\/argyleassociates.com\\\/fr\\\/?s={search_term_string}\"},\"query-input\":{\"@type\":\"PropertyValueSpecification\",\"valueRequired\":true,\"valueName\":\"search_term_string\"}}],\"inLanguage\":\"fr-FR\"},{\"@type\":\"Organization\",\"@id\":\"https:\\\/\\\/argyleassociates.com\\\/fr\\\/#organization\",\"name\":\"Argyle Associates\",\"url\":\"https:\\\/\\\/argyleassociates.com\\\/fr\\\/\",\"logo\":{\"@type\":\"ImageObject\",\"inLanguage\":\"fr-FR\",\"@id\":\"https:\\\/\\\/argyleassociates.com\\\/fr\\\/#\\\/schema\\\/logo\\\/image\\\/\",\"url\":\"https:\\\/\\\/argyleassociates.com\\\/wp-content\\\/uploads\\\/2023\\\/06\\\/logo-en.jpg\",\"contentUrl\":\"https:\\\/\\\/argyleassociates.com\\\/wp-content\\\/uploads\\\/2023\\\/06\\\/logo-en.jpg\",\"width\":268,\"height\":129,\"caption\":\"Argyle Associates\"},\"image\":{\"@id\":\"https:\\\/\\\/argyleassociates.com\\\/fr\\\/#\\\/schema\\\/logo\\\/image\\\/\"},\"sameAs\":[\"https:\\\/\\\/www.facebook.com\\\/argyleassociates\\\/\",\"https:\\\/\\\/x.com\\\/ArgyleAssociate\",\"https:\\\/\\\/www.instagram.com\\\/argyleassociates1976\\\/\"]}]}<\/script>\n<!-- \/ Yoast SEO plugin. -->","yoast_head_json":{"title":"Questionnaire de sant\u00e9 : Instructions chirurgicales","description":"Sp\u00e9cialistes en anesth\u00e9sie, implants dentaires, extraction de dents de sagesse. Des proc\u00e9dures s\u00fbres et fiables.","robots":{"index":"index","follow":"follow","max-snippet":"max-snippet:-1","max-image-preview":"max-image-preview:large","max-video-preview":"max-video-preview:-1"},"canonical":"https:\/\/argyleassociates.com\/fr\/pour-les-patients\/questionnaire-de-sante\/","og_locale":"fr_FR","og_type":"article","og_title":"Questionnaire de sant\u00e9 : Instructions chirurgicales","og_description":"Sp\u00e9cialistes en anesth\u00e9sie, implants dentaires, extraction de dents de sagesse. Des proc\u00e9dures s\u00fbres et fiables.","og_url":"https:\/\/argyleassociates.com\/fr\/pour-les-patients\/questionnaire-de-sante\/","og_site_name":"Argyle Associates","article_publisher":"https:\/\/www.facebook.com\/argyleassociates\/","article_modified_time":"2025-11-27T13:33:58+00:00","og_image":[{"url":"https:\/\/argyleassociates.com\/wp-content\/uploads\/2023\/07\/dental-implant-img1-1.jpg","type":"","width":"","height":""}],"twitter_card":"summary_large_image","twitter_site":"@ArgyleAssociate","twitter_misc":{"Dur\u00e9e de lecture estim\u00e9e":"2 minutes"},"schema":{"@context":"https:\/\/schema.org","@graph":[{"@type":"WebPage","@id":"https:\/\/argyleassociates.com\/fr\/pour-les-patients\/questionnaire-de-sante\/","url":"https:\/\/argyleassociates.com\/fr\/pour-les-patients\/questionnaire-de-sante\/","name":"Questionnaire de sant\u00e9 : Instructions chirurgicales","isPartOf":{"@id":"https:\/\/argyleassociates.com\/fr\/#website"},"primaryImageOfPage":{"@id":"https:\/\/argyleassociates.com\/fr\/pour-les-patients\/questionnaire-de-sante\/#primaryimage"},"image":{"@id":"https:\/\/argyleassociates.com\/fr\/pour-les-patients\/questionnaire-de-sante\/#primaryimage"},"thumbnailUrl":"https:\/\/argyleassociates.com\/wp-content\/uploads\/2023\/07\/dental-implant-img1-1.jpg","datePublished":"2023-07-20T14:59:03+00:00","dateModified":"2025-11-27T13:33:58+00:00","description":"Sp\u00e9cialistes en anesth\u00e9sie, implants dentaires, extraction de dents de sagesse. Des proc\u00e9dures s\u00fbres et fiables.","breadcrumb":{"@id":"https:\/\/argyleassociates.com\/fr\/pour-les-patients\/questionnaire-de-sante\/#breadcrumb"},"inLanguage":"fr-FR","potentialAction":[{"@type":"ReadAction","target":["https:\/\/argyleassociates.com\/fr\/pour-les-patients\/questionnaire-de-sante\/"]}]},{"@type":"ImageObject","inLanguage":"fr-FR","@id":"https:\/\/argyleassociates.com\/fr\/pour-les-patients\/questionnaire-de-sante\/#primaryimage","url":"https:\/\/argyleassociates.com\/wp-content\/uploads\/2023\/07\/dental-implant-img1-1.jpg","contentUrl":"https:\/\/argyleassociates.com\/wp-content\/uploads\/2023\/07\/dental-implant-img1-1.jpg"},{"@type":"BreadcrumbList","@id":"https:\/\/argyleassociates.com\/fr\/pour-les-patients\/questionnaire-de-sante\/#breadcrumb","itemListElement":[{"@type":"ListItem","position":1,"name":"Home","item":"https:\/\/argyleassociates.com\/fr\/"},{"@type":"ListItem","position":2,"name":"Pour les patients","item":"https:\/\/argyleassociates.com\/fr\/pour-les-patients\/"},{"@type":"ListItem","position":3,"name":"Questionnaire de sant\u00e9"}]},{"@type":"WebSite","@id":"https:\/\/argyleassociates.com\/fr\/#website","url":"https:\/\/argyleassociates.com\/fr\/","name":"Argyle Associates","description":"Wisdom Teeth, Dental Implants &amp; Maxillofacial Surgery","publisher":{"@id":"https:\/\/argyleassociates.com\/fr\/#organization"},"potentialAction":[{"@type":"SearchAction","target":{"@type":"EntryPoint","urlTemplate":"https:\/\/argyleassociates.com\/fr\/?s={search_term_string}"},"query-input":{"@type":"PropertyValueSpecification","valueRequired":true,"valueName":"search_term_string"}}],"inLanguage":"fr-FR"},{"@type":"Organization","@id":"https:\/\/argyleassociates.com\/fr\/#organization","name":"Argyle Associates","url":"https:\/\/argyleassociates.com\/fr\/","logo":{"@type":"ImageObject","inLanguage":"fr-FR","@id":"https:\/\/argyleassociates.com\/fr\/#\/schema\/logo\/image\/","url":"https:\/\/argyleassociates.com\/wp-content\/uploads\/2023\/06\/logo-en.jpg","contentUrl":"https:\/\/argyleassociates.com\/wp-content\/uploads\/2023\/06\/logo-en.jpg","width":268,"height":129,"caption":"Argyle Associates"},"image":{"@id":"https:\/\/argyleassociates.com\/fr\/#\/schema\/logo\/image\/"},"sameAs":["https:\/\/www.facebook.com\/argyleassociates\/","https:\/\/x.com\/ArgyleAssociate","https:\/\/www.instagram.com\/argyleassociates1976\/"]}]}},"_links":{"self":[{"href":"https:\/\/argyleassociates.com\/fr\/wp-json\/wp\/v2\/pages\/10702","targetHints":{"allow":["GET"]}}],"collection":[{"href":"https:\/\/argyleassociates.com\/fr\/wp-json\/wp\/v2\/pages"}],"about":[{"href":"https:\/\/argyleassociates.com\/fr\/wp-json\/wp\/v2\/types\/page"}],"author":[{"embeddable":true,"href":"https:\/\/argyleassociates.com\/fr\/wp-json\/wp\/v2\/users\/1"}],"replies":[{"embeddable":true,"href":"https:\/\/argyleassociates.com\/fr\/wp-json\/wp\/v2\/comments?post=10702"}],"version-history":[{"count":11,"href":"https:\/\/argyleassociates.com\/fr\/wp-json\/wp\/v2\/pages\/10702\/revisions"}],"predecessor-version":[{"id":15079,"href":"https:\/\/argyleassociates.com\/fr\/wp-json\/wp\/v2\/pages\/10702\/revisions\/15079"}],"up":[{"embeddable":true,"href":"https:\/\/argyleassociates.com\/fr\/wp-json\/wp\/v2\/pages\/10758"}],"wp:attachment":[{"href":"https:\/\/argyleassociates.com\/fr\/wp-json\/wp\/v2\/media?parent=10702"}],"curies":[{"name":"wp","href":"https:\/\/api.w.org\/{rel}","templated":true}]}}