{"id":10734,"date":"2023-07-11T09:31:59","date_gmt":"2023-07-11T09:31:59","guid":{"rendered":"https:\/\/argyleassociates.com\/core-values\/"},"modified":"2023-08-28T14:44:01","modified_gmt":"2023-08-28T14:44:01","slug":"valeurs-fondamentales","status":"publish","type":"page","link":"https:\/\/argyleassociates.com\/fr\/valeurs-fondamentales\/","title":{"rendered":"Valeurs fondamentales"},"content":{"rendered":"\t\t<div data-elementor-type=\"wp-page\" data-elementor-id=\"10734\" class=\"elementor elementor-10734 elementor-7208\" data-elementor-post-type=\"page\">\n\t\t\t\t\t\t<section class=\"elementor-section elementor-top-section elementor-element elementor-element-43338175 elementor-section-stretched elementor-section-boxed elementor-section-height-default elementor-section-height-default\" data-id=\"43338175\" data-element_type=\"section\" data-e-type=\"section\" data-settings=\"{&quot;stretch_section&quot;:&quot;section-stretched&quot;,&quot;background_background&quot;:&quot;classic&quot;}\">\n\t\t\t\t\t\t\t<div class=\"elementor-background-overlay\"><\/div>\n\t\t\t\t\t\t\t<div class=\"elementor-container elementor-column-gap-default\">\n\t\t\t\t\t<div class=\"elementor-column elementor-col-100 elementor-top-column elementor-element elementor-element-369d75fe\" data-id=\"369d75fe\" data-element_type=\"column\" data-e-type=\"column\">\n\t\t\t<div class=\"elementor-widget-wrap elementor-element-populated\">\n\t\t\t\t\t\t<div class=\"elementor-element elementor-element-51a53502 elementor-widget elementor-widget-rt-banner\" data-id=\"51a53502\" data-element_type=\"widget\" data-e-type=\"widget\" data-widget_type=\"rt-banner.default\">\n\t\t\t\t<div class=\"elementor-widget-container\">\n\t\t\t\t\t<div class=\"main-banner-wrap2 motion-effects-wrap\">\r\n\t\t<div class=\"shape-list\">\r\n\t  <ul>\r\n\t   \t  \t\t<li><\/li>\r\n\t  \t\t  <\/ul>\r\n\t<\/div>\r\n\t\t  <div class=\"row align-items-center\">\r\n\t    <div class=\"col-lg-6\">\r\n\t      <div class=\"main-banner-box1 main-banner-box4\">\r\n\t      \t\t        <div class=\"heading-title\">\r\n\t          <h1>Valeurs fondamentales<\/h1>\r\n\t        <\/div>\r\n\t        \t        \t        <div class=\"item-button\">\r\n\t          <a class=\"item-btn\" href=\"https:\/\/argyleassociates.com\/fr\/contactez-nous\/\">Contactez-nous<i class=\"fas fa-angle-right\"><\/i><\/a>\t        <\/div>\r\n\t        \t      <\/div>\r\n\t    <\/div>\r\n\t    <div class=\"col-lg-6\">\r\n\t      <div class=\"main-banner-box2 main-banner-box3 wow fadeInRight\" data-wow-delay=\".6s\">\r\n\t        <div class=\"item-img\">\r\n\t          \t        \t<img fetchpriority=\"high\" decoding=\"async\" width=\"1000\" height=\"600\" src=\"https:\/\/argyleassociates.com\/wp-content\/uploads\/2023\/07\/corevalues-1.jpg\" class=\"attachment-full size-full\" alt=\"core values\" srcset=\"https:\/\/argyleassociates.com\/wp-content\/uploads\/2023\/07\/corevalues-1.jpg 1000w, https:\/\/argyleassociates.com\/wp-content\/uploads\/2023\/07\/corevalues-1-300x180.jpg 300w\" sizes=\"(max-width: 1000px) 100vw, 1000px\" \/>\t          \t          \t        <\/div>\r\n\t      <\/div>\r\n\t    <\/div>\r\n\t  <\/div>\r\n<\/div>\t\t\t\t<\/div>\n\t\t\t\t<\/div>\n\t\t\t\t\t<\/div>\n\t\t<\/div>\n\t\t\t\t\t<\/div>\n\t\t<\/section>\n\t\t\t\t<section class=\"elementor-section elementor-top-section elementor-element elementor-element-7400052 elementor-section-stretched elementor-section-boxed elementor-section-height-default elementor-section-height-default\" data-id=\"7400052\" data-element_type=\"section\" data-e-type=\"section\" data-settings=\"{&quot;stretch_section&quot;:&quot;section-stretched&quot;}\">\n\t\t\t\t\t\t<div class=\"elementor-container elementor-column-gap-default\">\n\t\t\t\t\t<div class=\"elementor-column elementor-col-50 elementor-top-column elementor-element elementor-element-be95334\" data-id=\"be95334\" data-element_type=\"column\" data-e-type=\"column\">\n\t\t\t<div class=\"elementor-widget-wrap elementor-element-populated\">\n\t\t\t\t\t\t<div class=\"elementor-element elementor-element-c5efbbe elementor-widget__width-inherit elementor-widget elementor-widget-rt-text-with-title\" data-id=\"c5efbbe\" data-element_type=\"widget\" data-e-type=\"widget\" data-widget_type=\"rt-text-with-title.default\">\n\t\t\t\t<div class=\"elementor-widget-container\">\n\t\t\t\t\t\r\n<div class=\"rt-el-twt-5\">\t\r\n\t<div class=\"item-content\">\r\n\t\t\t\t<h2 class=\"item-title\">Quatre valeurs fondamentales sont \u00e0 la base de tout ce que nous faisons.<\/h2>\r\n\t\t\t\t\t\t\t\t<div class=\"content-with-img section_type-1 home-services new_faq_main\"><div class=\"content-left\"><div class=\"location-faq\"><div class=\"main-content\"><div class=\"accordion-component\"><h3>\u00a0<\/h3><\/div><\/div><\/div><\/div><\/div>\t\r\n\t\t\t<\/div>\r\n<\/div>\r\n\r\n\t\t\t\t<\/div>\n\t\t\t\t<\/div>\n\t\t\t\t<div class=\"elementor-element elementor-element-e9932c4 elementor-widget__width-initial elementor-widget elementor-widget-rt-services-tab\" data-id=\"e9932c4\" data-element_type=\"widget\" data-e-type=\"widget\" data-widget_type=\"rt-services-tab.default\">\n\t\t\t\t<div class=\"elementor-widget-container\">\n\t\t\t\t\t<div class=\"services-tab2\">\r\n  <div class=\"row\">\r\n    <div class=\"col-xl-4 col-lg-5\">\r\n      <div class=\"clearfix ul-li\">\r\n         <div class=\"nav flex-column nav-pills\" id=\"v-pills-tab\" role=\"tablist\" aria-orientation=\"vertical\">\r\n          \r\n        <div class=\"nav-link\">\r\n        <a href=\"#\" data-target=\"#2441\" data-toggle=\"tab\" class=\"nav-link text-capitalize active\"><div class=\"why-choose-box-6\"><div class=\"choose-icon-box\"><div class=\"item-icon\"><i class=\"fas fa-map-marker-alt\" aria-hidden=\"true\"><\/i><\/div><div class=\"item-content\">Bienveillance<\/div><\/div><\/div><\/a>\r\n        <\/div>\r\n    \r\n        <div class=\"nav-link\">\r\n        <a href=\"#\" data-target=\"#2442\" data-toggle=\"tab\" class=\"nav-link text-capitalize \"><div class=\"why-choose-box-6\"><div class=\"choose-icon-box\"><div class=\"item-icon\"><i class=\"fas fa-file\" aria-hidden=\"true\"><\/i><\/div><div class=\"item-content\">Excellence<\/div><\/div><\/div><\/a>\r\n        <\/div>\r\n    \r\n        <div class=\"nav-link\">\r\n        <a href=\"#\" data-target=\"#2443\" data-toggle=\"tab\" class=\"nav-link text-capitalize \"><div class=\"why-choose-box-6\"><div class=\"choose-icon-box\"><div class=\"item-icon\"><i class=\"far fa-comment\" aria-hidden=\"true\"><\/i><\/div><div class=\"item-content\">Travail en \u00e9quipe<\/div><\/div><\/div><\/a>\r\n        <\/div>\r\n    \r\n        <div class=\"nav-link\">\r\n        <a href=\"#\" data-target=\"#2444\" data-toggle=\"tab\" class=\"nav-link text-capitalize \"><div class=\"why-choose-box-6\"><div class=\"choose-icon-box\"><div class=\"item-icon\"><i class=\"far fa-comment\" aria-hidden=\"true\"><\/i><\/div><div class=\"item-content\">Communaut\u00e9<\/div><\/div><\/div><\/a>\r\n        <\/div>\r\n            <\/div>\r\n      <\/div>\r\n    <\/div>\r\n    <!-- \/tab_button -->\r\n    <div class=\"col-xl-8 col-lg-7\">\r\n      <div id=\"tabsContent\" class=\"tab-content\">\r\n         \r\n        <div id=\"2441\" class=\"tab-pane fade active show\">\r\n          <div class=\"why-choose-box-7\">\r\n            <div class=\"row\">\r\n              <div class=\"col-md-6\">\r\n                <div class=\"item-img\">\r\n                    \r\n                <\/div>\r\n              <\/div>\r\n              <div class=\"col-md-6\">\r\n                <div class=\"item-img\">\r\n                    \r\n                <\/div>\r\n              <\/div>\r\n            <\/div>\r\n            <div class=\"item-title\">Bienveillance<\/div>\r\n            <p>Nous serons respectueux, amicaux, serviables et compatissants envers nos patients, notre personnel et les membres de notre \u00e9quipe.\n<\/p>\r\n          <\/div>\r\n        <\/div>        \r\n    \r\n        <div id=\"2442\" class=\"tab-pane fade \">\r\n          <div class=\"why-choose-box-7\">\r\n            <div class=\"row\">\r\n              <div class=\"col-md-6\">\r\n                <div class=\"item-img\">\r\n                    \r\n                <\/div>\r\n              <\/div>\r\n              <div class=\"col-md-6\">\r\n                <div class=\"item-img\">\r\n                    \r\n                <\/div>\r\n              <\/div>\r\n            <\/div>\r\n            <div class=\"item-title\">Excellence<\/div>\r\n            <p>Nous nous efforcerons d'atteindre l'excellence dans toutes les proc\u00e9dures chirurgicales, les t\u00e2ches hospitali\u00e8res, les programmes d'\u00e9ducation et les activit\u00e9s communautaires.<\/p>\r\n          <\/div>\r\n        <\/div>        \r\n    \r\n        <div id=\"2443\" class=\"tab-pane fade \">\r\n          <div class=\"why-choose-box-7\">\r\n            <div class=\"row\">\r\n              <div class=\"col-md-6\">\r\n                <div class=\"item-img\">\r\n                    \r\n                <\/div>\r\n              <\/div>\r\n              <div class=\"col-md-6\">\r\n                <div class=\"item-img\">\r\n                    \r\n                <\/div>\r\n              <\/div>\r\n            <\/div>\r\n            <div class=\"item-title\">Travail en \u00e9quipe<\/div>\r\n            <p>C'est un honneur de faire partie de l'\u00e9quipe de soins d'un patient. Les meilleurs r\u00e9sultats pour un patient ne peuvent \u00eatre obtenus que lorsque nous travaillons en \u00e9quipe. Nous collaborons entre nous et avec d'autres professionnels dentaires et m\u00e9dicaux. Nous partageons l'objectif des soins centr\u00e9s sur le patient.<\/p>\r\n          <\/div>\r\n        <\/div>        \r\n    \r\n        <div id=\"2444\" class=\"tab-pane fade \">\r\n          <div class=\"why-choose-box-7\">\r\n            <div class=\"row\">\r\n              <div class=\"col-md-6\">\r\n                <div class=\"item-img\">\r\n                    \r\n                <\/div>\r\n              <\/div>\r\n              <div class=\"col-md-6\">\r\n                <div class=\"item-img\">\r\n                    \r\n                <\/div>\r\n              <\/div>\r\n            <\/div>\r\n            <div class=\"item-title\">Communaut\u00e9<\/div>\r\n            <p>Nous avons la chance d'interagir avec les patients, les professionnels dentaires et m\u00e9dicaux de toute la r\u00e9gion. Ils nous incitent \u00e0 redonner, \u00e0 partager librement nos connaissances, \u00e0 donner de notre temps, \u00e0 contribuer \u00e0 la recherche et \u00e0 soutenir des causes qui profitent \u00e0 tous les membres de la communaut\u00e9.<\/p>\r\n          <\/div>\r\n        <\/div>        \r\n          <\/div>\r\n    <\/div>\r\n  <\/div>\r\n<\/div>\r\n\r\n\r\n\r\n\r\n\r\n    \t\t\t\t<\/div>\n\t\t\t\t<\/div>\n\t\t\t\t\t<\/div>\n\t\t<\/div>\n\t\t\t\t<div class=\"elementor-column elementor-col-50 elementor-top-column elementor-element elementor-element-a3ee0eb\" data-id=\"a3ee0eb\" data-element_type=\"column\" data-e-type=\"column\" data-settings=\"{&quot;background_background&quot;:&quot;classic&quot;}\">\n\t\t\t<div class=\"elementor-widget-wrap elementor-element-populated\">\n\t\t\t\t\t\t<div class=\"elementor-element elementor-element-e26e278 elementor-widget elementor-widget-rt-about-us\" data-id=\"e26e278\" data-element_type=\"widget\" data-e-type=\"widget\" data-widget_type=\"rt-about-us.default\">\n\t\t\t\t<div class=\"elementor-widget-container\">\n\t\t\t\t\t<div class=\"about-box-layout22 motion-effects-wrap\">\r\n    <figure class=\"item-img\">\r\n        \t\t<img decoding=\"async\" width=\"1000\" height=\"1000\" src=\"https:\/\/argyleassociates.com\/wp-content\/uploads\/2023\/07\/wisdom-tooth-2.webp\" class=\"attachment-full size-full\" alt=\"\" srcset=\"https:\/\/argyleassociates.com\/wp-content\/uploads\/2023\/07\/wisdom-tooth-2.webp 1000w, https:\/\/argyleassociates.com\/wp-content\/uploads\/2023\/07\/wisdom-tooth-2-300x300.webp 300w, https:\/\/argyleassociates.com\/wp-content\/uploads\/2023\/07\/wisdom-tooth-2-150x150.webp 150w, https:\/\/argyleassociates.com\/wp-content\/uploads\/2023\/07\/wisdom-tooth-2-230x230.webp 230w, https:\/\/argyleassociates.com\/wp-content\/uploads\/2023\/07\/wisdom-tooth-2-70x70.webp 70w, https:\/\/argyleassociates.com\/wp-content\/uploads\/2023\/07\/wisdom-tooth-2-315x315.webp 315w\" sizes=\"(max-width: 1000px) 100vw, 1000px\" \/>\t\t        <div class=\"item-thumbs-img\">\r\n            <ul>\r\n            \t            <\/ul>\r\n        <\/div>\r\n        <div class=\"item-round\"><\/div>\r\n        <div class=\"shape-element\">\r\n            <ul>\r\n            \t\t\t\t    <li>\r\n\t\t\t    \t\t\t\t    <\/li>\r\n\t\t\t                <\/ul>\r\n        <\/div>\r\n        <div class=\"rt__circle\">\r\n            <div class=\"round-shape\"><i class=\"flaticon-medical-5\"><\/i><\/div>\r\n        <\/div>\r\n    <\/figure>\r\n<\/div>\r\n\t\t\t\t<\/div>\n\t\t\t\t<\/div>\n\t\t\t\t\t<\/div>\n\t\t<\/div>\n\t\t\t\t\t<\/div>\n\t\t<\/section>\n\t\t\t\t<section class=\"elementor-section elementor-top-section elementor-element elementor-element-48c38513 elementor-section-stretched elementor-section-boxed elementor-section-height-default elementor-section-height-default\" data-id=\"48c38513\" data-element_type=\"section\" data-e-type=\"section\" data-settings=\"{&quot;stretch_section&quot;:&quot;section-stretched&quot;,&quot;background_background&quot;:&quot;classic&quot;}\">\n\t\t\t\t\t\t<div class=\"elementor-container elementor-column-gap-default\">\n\t\t\t\t\t<div class=\"elementor-column elementor-col-100 elementor-top-column elementor-element elementor-element-5cb43c15\" data-id=\"5cb43c15\" data-element_type=\"column\" data-e-type=\"column\">\n\t\t\t<div class=\"elementor-widget-wrap elementor-element-populated\">\n\t\t\t\t\t\t<div class=\"elementor-element elementor-element-42e4109f elementor-widget elementor-widget-rt-cta\" data-id=\"42e4109f\" data-element_type=\"widget\" data-e-type=\"widget\" data-widget_type=\"rt-cta.default\">\n\t\t\t\t<div class=\"elementor-widget-container\">\n\t\t\t\t\t\r\n<div class=\"call-to-action-box-layout6\">\r\n            <p class=\"item-sub-title\">Contactez-nous aujourd'hui<\/p>\r\n       \r\n          <h2 class=\"item-title\">Un de nos professionnels qualifi\u00e9s vous r\u00e9pondra dans les plus brefs d\u00e9lais.<\/h2>\r\n          \r\n        <div class=\"call-to-action-btn\">\r\n        <a class=\"item-btn\" href=\"https:\/\/argyleassociates.com\/fr\/contactez-nous\/\">Contactez-nous!<\/a>                                  \r\n    <\/div>      \r\n       \r\n<\/div>\r\n\r\n\t\t\t\t<\/div>\n\t\t\t\t<\/div>\n\t\t\t\t\t<\/div>\n\t\t<\/div>\n\t\t\t\t\t<\/div>\n\t\t<\/section>\n\t\t\t\t<\/div>\n\t\t","protected":false},"excerpt":{"rendered":"<p>Valeurs fondamentales Contactez-nous Quatre valeurs fondamentales sont \u00e0 la base de tout ce que nous faisons. Bienveillance Excellence Travail en \u00e9quipe Communaut\u00e9 Bienveillance Nous serons respectueux, amicaux, serviables et compatissants envers nos patients, notre personnel et les membres de notre \u00e9quipe. Excellence Nous nous efforcerons d&#8217;atteindre l&#8217;excellence dans toutes les proc\u00e9dures chirurgicales, les t\u00e2ches hospitali\u00e8res,&#8230;<\/p>\n","protected":false},"author":1,"featured_media":10626,"parent":0,"menu_order":0,"comment_status":"closed","ping_status":"closed","template":"elementor_header_footer","meta":{"inline_featured_image":false,"footnotes":""},"class_list":["post-10734","page","type-page","status-publish","has-post-thumbnail","hentry"],"yoast_head":"<!-- This site is optimized with the Yoast SEO plugin v27.3 - https:\/\/yoast.com\/product\/yoast-seo-wordpress\/ -->\n<title>Valeurs fondamentales : Carling buccal et maxillo-facial<\/title>\n<meta name=\"description\" content=\"Confiez votre sourire aux experts d&#039;Argyle Associates en dentisterie num\u00e9rique, implants dentaires et extraction de dents de sagesse.\" \/>\n<meta name=\"robots\" content=\"index, follow, max-snippet:-1, max-image-preview:large, max-video-preview:-1\" \/>\n<link rel=\"canonical\" href=\"https:\/\/argyleassociates.com\/fr\/valeurs-fondamentales\/\" \/>\n<meta property=\"og:locale\" content=\"fr_FR\" \/>\n<meta property=\"og:type\" content=\"article\" \/>\n<meta property=\"og:title\" content=\"Valeurs fondamentales : Carling buccal et maxillo-facial\" \/>\n<meta property=\"og:description\" content=\"Confiez votre sourire aux experts d&#039;Argyle Associates en dentisterie num\u00e9rique, implants dentaires et extraction de dents de sagesse.\" \/>\n<meta property=\"og:url\" content=\"https:\/\/argyleassociates.com\/fr\/valeurs-fondamentales\/\" \/>\n<meta property=\"og:site_name\" content=\"Argyle Associates\" \/>\n<meta property=\"article:publisher\" content=\"https:\/\/www.facebook.com\/argyleassociates\/\" \/>\n<meta property=\"article:modified_time\" content=\"2023-08-28T14:44:01+00:00\" \/>\n<meta property=\"og:image\" content=\"https:\/\/argyleassociates.com\/wp-content\/uploads\/2023\/07\/corevalues-1.jpg\" \/>\n\t<meta property=\"og:image:width\" content=\"1000\" \/>\n\t<meta property=\"og:image:height\" content=\"600\" \/>\n\t<meta property=\"og:image:type\" content=\"image\/jpeg\" \/>\n<meta name=\"twitter:card\" content=\"summary_large_image\" \/>\n<meta name=\"twitter:site\" content=\"@ArgyleAssociate\" \/>\n<meta name=\"twitter:label1\" content=\"Dur\u00e9e de lecture estim\u00e9e\" \/>\n\t<meta name=\"twitter:data1\" content=\"2 minutes\" \/>\n<script type=\"application\/ld+json\" class=\"yoast-schema-graph\">{\"@context\":\"https:\\\/\\\/schema.org\",\"@graph\":[{\"@type\":\"WebPage\",\"@id\":\"https:\\\/\\\/argyleassociates.com\\\/fr\\\/valeurs-fondamentales\\\/\",\"url\":\"https:\\\/\\\/argyleassociates.com\\\/fr\\\/valeurs-fondamentales\\\/\",\"name\":\"Valeurs fondamentales : Carling buccal et maxillo-facial\",\"isPartOf\":{\"@id\":\"https:\\\/\\\/argyleassociates.com\\\/fr\\\/#website\"},\"primaryImageOfPage\":{\"@id\":\"https:\\\/\\\/argyleassociates.com\\\/fr\\\/valeurs-fondamentales\\\/#primaryimage\"},\"image\":{\"@id\":\"https:\\\/\\\/argyleassociates.com\\\/fr\\\/valeurs-fondamentales\\\/#primaryimage\"},\"thumbnailUrl\":\"https:\\\/\\\/argyleassociates.com\\\/wp-content\\\/uploads\\\/2023\\\/07\\\/corevalues-1.jpg\",\"datePublished\":\"2023-07-11T09:31:59+00:00\",\"dateModified\":\"2023-08-28T14:44:01+00:00\",\"description\":\"Confiez votre sourire aux experts d'Argyle Associates en dentisterie num\u00e9rique, implants dentaires et extraction de dents de sagesse.\",\"breadcrumb\":{\"@id\":\"https:\\\/\\\/argyleassociates.com\\\/fr\\\/valeurs-fondamentales\\\/#breadcrumb\"},\"inLanguage\":\"fr-FR\",\"potentialAction\":[{\"@type\":\"ReadAction\",\"target\":[\"https:\\\/\\\/argyleassociates.com\\\/fr\\\/valeurs-fondamentales\\\/\"]}]},{\"@type\":\"ImageObject\",\"inLanguage\":\"fr-FR\",\"@id\":\"https:\\\/\\\/argyleassociates.com\\\/fr\\\/valeurs-fondamentales\\\/#primaryimage\",\"url\":\"https:\\\/\\\/argyleassociates.com\\\/wp-content\\\/uploads\\\/2023\\\/07\\\/corevalues-1.jpg\",\"contentUrl\":\"https:\\\/\\\/argyleassociates.com\\\/wp-content\\\/uploads\\\/2023\\\/07\\\/corevalues-1.jpg\",\"width\":1000,\"height\":600,\"caption\":\"core values\"},{\"@type\":\"BreadcrumbList\",\"@id\":\"https:\\\/\\\/argyleassociates.com\\\/fr\\\/valeurs-fondamentales\\\/#breadcrumb\",\"itemListElement\":[{\"@type\":\"ListItem\",\"position\":1,\"name\":\"Home\",\"item\":\"https:\\\/\\\/argyleassociates.com\\\/fr\\\/\"},{\"@type\":\"ListItem\",\"position\":2,\"name\":\"Valeurs fondamentales\"}]},{\"@type\":\"WebSite\",\"@id\":\"https:\\\/\\\/argyleassociates.com\\\/fr\\\/#website\",\"url\":\"https:\\\/\\\/argyleassociates.com\\\/fr\\\/\",\"name\":\"Argyle Associates\",\"description\":\"Wisdom Teeth, Dental Implants &amp; Maxillofacial Surgery\",\"publisher\":{\"@id\":\"https:\\\/\\\/argyleassociates.com\\\/fr\\\/#organization\"},\"potentialAction\":[{\"@type\":\"SearchAction\",\"target\":{\"@type\":\"EntryPoint\",\"urlTemplate\":\"https:\\\/\\\/argyleassociates.com\\\/fr\\\/?s={search_term_string}\"},\"query-input\":{\"@type\":\"PropertyValueSpecification\",\"valueRequired\":true,\"valueName\":\"search_term_string\"}}],\"inLanguage\":\"fr-FR\"},{\"@type\":\"Organization\",\"@id\":\"https:\\\/\\\/argyleassociates.com\\\/fr\\\/#organization\",\"name\":\"Argyle Associates\",\"url\":\"https:\\\/\\\/argyleassociates.com\\\/fr\\\/\",\"logo\":{\"@type\":\"ImageObject\",\"inLanguage\":\"fr-FR\",\"@id\":\"https:\\\/\\\/argyleassociates.com\\\/fr\\\/#\\\/schema\\\/logo\\\/image\\\/\",\"url\":\"https:\\\/\\\/argyleassociates.com\\\/wp-content\\\/uploads\\\/2023\\\/06\\\/logo-en.jpg\",\"contentUrl\":\"https:\\\/\\\/argyleassociates.com\\\/wp-content\\\/uploads\\\/2023\\\/06\\\/logo-en.jpg\",\"width\":268,\"height\":129,\"caption\":\"Argyle Associates\"},\"image\":{\"@id\":\"https:\\\/\\\/argyleassociates.com\\\/fr\\\/#\\\/schema\\\/logo\\\/image\\\/\"},\"sameAs\":[\"https:\\\/\\\/www.facebook.com\\\/argyleassociates\\\/\",\"https:\\\/\\\/x.com\\\/ArgyleAssociate\",\"https:\\\/\\\/www.instagram.com\\\/argyleassociates1976\\\/\"]}]}<\/script>\n<!-- \/ Yoast SEO plugin. -->","yoast_head_json":{"title":"Valeurs fondamentales : Carling buccal et maxillo-facial","description":"Confiez votre sourire aux experts d'Argyle Associates en dentisterie num\u00e9rique, implants dentaires et extraction de dents de sagesse.","robots":{"index":"index","follow":"follow","max-snippet":"max-snippet:-1","max-image-preview":"max-image-preview:large","max-video-preview":"max-video-preview:-1"},"canonical":"https:\/\/argyleassociates.com\/fr\/valeurs-fondamentales\/","og_locale":"fr_FR","og_type":"article","og_title":"Valeurs fondamentales : Carling buccal et maxillo-facial","og_description":"Confiez votre sourire aux experts d'Argyle Associates en dentisterie num\u00e9rique, implants dentaires et extraction de dents de sagesse.","og_url":"https:\/\/argyleassociates.com\/fr\/valeurs-fondamentales\/","og_site_name":"Argyle Associates","article_publisher":"https:\/\/www.facebook.com\/argyleassociates\/","article_modified_time":"2023-08-28T14:44:01+00:00","og_image":[{"width":1000,"height":600,"url":"https:\/\/argyleassociates.com\/wp-content\/uploads\/2023\/07\/corevalues-1.jpg","type":"image\/jpeg"}],"twitter_card":"summary_large_image","twitter_site":"@ArgyleAssociate","twitter_misc":{"Dur\u00e9e de lecture estim\u00e9e":"2 minutes"},"schema":{"@context":"https:\/\/schema.org","@graph":[{"@type":"WebPage","@id":"https:\/\/argyleassociates.com\/fr\/valeurs-fondamentales\/","url":"https:\/\/argyleassociates.com\/fr\/valeurs-fondamentales\/","name":"Valeurs fondamentales : Carling buccal et maxillo-facial","isPartOf":{"@id":"https:\/\/argyleassociates.com\/fr\/#website"},"primaryImageOfPage":{"@id":"https:\/\/argyleassociates.com\/fr\/valeurs-fondamentales\/#primaryimage"},"image":{"@id":"https:\/\/argyleassociates.com\/fr\/valeurs-fondamentales\/#primaryimage"},"thumbnailUrl":"https:\/\/argyleassociates.com\/wp-content\/uploads\/2023\/07\/corevalues-1.jpg","datePublished":"2023-07-11T09:31:59+00:00","dateModified":"2023-08-28T14:44:01+00:00","description":"Confiez votre sourire aux experts d'Argyle Associates en dentisterie num\u00e9rique, implants dentaires et extraction de dents de sagesse.","breadcrumb":{"@id":"https:\/\/argyleassociates.com\/fr\/valeurs-fondamentales\/#breadcrumb"},"inLanguage":"fr-FR","potentialAction":[{"@type":"ReadAction","target":["https:\/\/argyleassociates.com\/fr\/valeurs-fondamentales\/"]}]},{"@type":"ImageObject","inLanguage":"fr-FR","@id":"https:\/\/argyleassociates.com\/fr\/valeurs-fondamentales\/#primaryimage","url":"https:\/\/argyleassociates.com\/wp-content\/uploads\/2023\/07\/corevalues-1.jpg","contentUrl":"https:\/\/argyleassociates.com\/wp-content\/uploads\/2023\/07\/corevalues-1.jpg","width":1000,"height":600,"caption":"core values"},{"@type":"BreadcrumbList","@id":"https:\/\/argyleassociates.com\/fr\/valeurs-fondamentales\/#breadcrumb","itemListElement":[{"@type":"ListItem","position":1,"name":"Home","item":"https:\/\/argyleassociates.com\/fr\/"},{"@type":"ListItem","position":2,"name":"Valeurs fondamentales"}]},{"@type":"WebSite","@id":"https:\/\/argyleassociates.com\/fr\/#website","url":"https:\/\/argyleassociates.com\/fr\/","name":"Argyle Associates","description":"Wisdom Teeth, Dental Implants &amp; Maxillofacial Surgery","publisher":{"@id":"https:\/\/argyleassociates.com\/fr\/#organization"},"potentialAction":[{"@type":"SearchAction","target":{"@type":"EntryPoint","urlTemplate":"https:\/\/argyleassociates.com\/fr\/?s={search_term_string}"},"query-input":{"@type":"PropertyValueSpecification","valueRequired":true,"valueName":"search_term_string"}}],"inLanguage":"fr-FR"},{"@type":"Organization","@id":"https:\/\/argyleassociates.com\/fr\/#organization","name":"Argyle Associates","url":"https:\/\/argyleassociates.com\/fr\/","logo":{"@type":"ImageObject","inLanguage":"fr-FR","@id":"https:\/\/argyleassociates.com\/fr\/#\/schema\/logo\/image\/","url":"https:\/\/argyleassociates.com\/wp-content\/uploads\/2023\/06\/logo-en.jpg","contentUrl":"https:\/\/argyleassociates.com\/wp-content\/uploads\/2023\/06\/logo-en.jpg","width":268,"height":129,"caption":"Argyle Associates"},"image":{"@id":"https:\/\/argyleassociates.com\/fr\/#\/schema\/logo\/image\/"},"sameAs":["https:\/\/www.facebook.com\/argyleassociates\/","https:\/\/x.com\/ArgyleAssociate","https:\/\/www.instagram.com\/argyleassociates1976\/"]}]}},"_links":{"self":[{"href":"https:\/\/argyleassociates.com\/fr\/wp-json\/wp\/v2\/pages\/10734","targetHints":{"allow":["GET"]}}],"collection":[{"href":"https:\/\/argyleassociates.com\/fr\/wp-json\/wp\/v2\/pages"}],"about":[{"href":"https:\/\/argyleassociates.com\/fr\/wp-json\/wp\/v2\/types\/page"}],"author":[{"embeddable":true,"href":"https:\/\/argyleassociates.com\/fr\/wp-json\/wp\/v2\/users\/1"}],"replies":[{"embeddable":true,"href":"https:\/\/argyleassociates.com\/fr\/wp-json\/wp\/v2\/comments?post=10734"}],"version-history":[{"count":15,"href":"https:\/\/argyleassociates.com\/fr\/wp-json\/wp\/v2\/pages\/10734\/revisions"}],"predecessor-version":[{"id":13066,"href":"https:\/\/argyleassociates.com\/fr\/wp-json\/wp\/v2\/pages\/10734\/revisions\/13066"}],"wp:featuredmedia":[{"embeddable":true,"href":"https:\/\/argyleassociates.com\/fr\/wp-json\/wp\/v2\/media\/10626"}],"wp:attachment":[{"href":"https:\/\/argyleassociates.com\/fr\/wp-json\/wp\/v2\/media?parent=10734"}],"curies":[{"name":"wp","href":"https:\/\/api.w.org\/{rel}","templated":true}]}}