{"id":10750,"date":"2023-06-19T02:11:39","date_gmt":"2023-06-19T02:11:39","guid":{"rendered":"https:\/\/argyleassociates.com\/our-procedures\/facial-cosmetic-surgery\/"},"modified":"2024-04-09T22:12:35","modified_gmt":"2024-04-09T22:12:35","slug":"chirurgie-esthetique-du-visage","status":"publish","type":"page","link":"https:\/\/argyleassociates.com\/fr\/nos-procedures\/chirurgie-esthetique-du-visage\/","title":{"rendered":"Chirurgie esth\u00e9tique du visage"},"content":{"rendered":"\t\t<div data-elementor-type=\"wp-page\" data-elementor-id=\"10750\" class=\"elementor elementor-10750 elementor-6238\" data-elementor-post-type=\"page\">\n\t\t\t\t\t\t<section class=\"elementor-section elementor-top-section elementor-element elementor-element-48f22343 elementor-section-stretched elementor-section-boxed elementor-section-height-default elementor-section-height-default\" data-id=\"48f22343\" data-element_type=\"section\" data-e-type=\"section\" data-settings=\"{&quot;stretch_section&quot;:&quot;section-stretched&quot;,&quot;background_background&quot;:&quot;classic&quot;}\">\n\t\t\t\t\t\t\t<div class=\"elementor-background-overlay\"><\/div>\n\t\t\t\t\t\t\t<div class=\"elementor-container elementor-column-gap-default\">\n\t\t\t\t\t<div class=\"elementor-column elementor-col-100 elementor-top-column elementor-element elementor-element-86d1db4\" data-id=\"86d1db4\" data-element_type=\"column\" data-e-type=\"column\">\n\t\t\t<div class=\"elementor-widget-wrap elementor-element-populated\">\n\t\t\t\t\t\t<div class=\"elementor-element elementor-element-1b4855fe elementor-widget elementor-widget-rt-banner\" data-id=\"1b4855fe\" data-element_type=\"widget\" data-e-type=\"widget\" data-widget_type=\"rt-banner.default\">\n\t\t\t\t<div class=\"elementor-widget-container\">\n\t\t\t\t\t<div class=\"hero-banner-wrap-11 motion-effects-wrap\">\r\n\t<div class=\"Hero__Shape__round\">\r\n\t\t<ul class=\"item-round\">\r\n\t\t\t<li><\/li>\r\n\t\t\t<li><\/li>\r\n\t\t<\/ul>\r\n\t<\/div>\r\n\t<div class=\"row justify-content-between align-items-center\">\r\n\t\t<div class=\"col-xl-5 col-lg-6\">\r\n\t\t\t<div class=\"hero-banner-layuot-1\">\r\n\t\t\t\t<div class=\"section-heading heading-layout7\">\r\n\t\t\t\t\t\t\t\t\t\t<p class=\"sub-title\">PROC\u00c9DURES<\/p>\r\n\t\t\t\t\t\t\t\t\t\t<h1>Chirurgie cosm\u00e9tique faciale<\/h1>\r\n\t\t\t\t\t\t\t\t\t<\/div>\r\n\t\t\t\t<ul class=\"btn-Wrapper-1 flex-wrap gutter-40 d-flex align-items-center\">\r\n\t\t\t\t\t\t\t\t\t\t<li class=\"heading-button-style-1\">\r\n\t\t\t\t\t\t<a class=\"item-btn\" href=\"https:\/\/argyleassociates.com\/fr\/nos-procedures\/\">Voir toutes les proc\u00e9dures<i class=\"fas fa-angle-right\"><\/i><\/a>\t\t\t\t\t<\/li>\r\n\t\t\t\t\t\t\t\t\t<\/ul>\r\n\t\t\t<\/div>\r\n\t\t<\/div>\r\n\t\t<div class=\"col-xl-6 col-lg-6\">\r\n\t\t\t<div class=\"hero-banner-layuot-2\">\r\n\t\t\t\t<div class=\"item-img\">\r\n\t\t\t\t\t\t\t\t\t\t<img fetchpriority=\"high\" decoding=\"async\" width=\"2560\" height=\"1707\" src=\"https:\/\/argyleassociates.com\/wp-content\/uploads\/2023\/07\/facial-surgery.webp\" class=\"attachment-full size-full\" alt=\"Cosmetic Surgery\" srcset=\"https:\/\/argyleassociates.com\/wp-content\/uploads\/2023\/07\/facial-surgery.webp 2560w, https:\/\/argyleassociates.com\/wp-content\/uploads\/2023\/07\/facial-surgery-300x200.webp 300w, https:\/\/argyleassociates.com\/wp-content\/uploads\/2023\/07\/facial-surgery-1024x683.webp 1024w, https:\/\/argyleassociates.com\/wp-content\/uploads\/2023\/07\/facial-surgery-1536x1024.webp 1536w, https:\/\/argyleassociates.com\/wp-content\/uploads\/2023\/07\/facial-surgery-2048x1366.webp 2048w\" sizes=\"(max-width: 2560px) 100vw, 2560px\" \/>\t\t\t\t\t\t\t\t\t\t<ul class=\"item-shape\">\r\n\t\t\t\t\t\t\t\t\t\t\t<\/ul>\r\n\t\t\t\t\t\t\t\t\t<\/div>\r\n\t\t\t<\/div>\r\n\t\t<\/div>\r\n\t<\/div>\r\n<\/div>\t\t\t\t<\/div>\n\t\t\t\t<\/div>\n\t\t\t\t\t<\/div>\n\t\t<\/div>\n\t\t\t\t\t<\/div>\n\t\t<\/section>\n\t\t\t\t<section class=\"elementor-section elementor-top-section elementor-element elementor-element-18a5f3a5 elementor-section-stretched elementor-section-boxed elementor-section-height-default elementor-section-height-default\" data-id=\"18a5f3a5\" data-element_type=\"section\" data-e-type=\"section\" data-settings=\"{&quot;stretch_section&quot;:&quot;section-stretched&quot;}\">\n\t\t\t\t\t\t<div class=\"elementor-container elementor-column-gap-default\">\n\t\t\t\t\t<div class=\"elementor-column elementor-col-50 elementor-top-column elementor-element elementor-element-300434bc\" data-id=\"300434bc\" data-element_type=\"column\" data-e-type=\"column\" data-settings=\"{&quot;background_background&quot;:&quot;classic&quot;}\">\n\t\t\t<div class=\"elementor-widget-wrap elementor-element-populated\">\n\t\t\t\t\t\t<div class=\"elementor-element elementor-element-3981dced elementor-widget elementor-widget-rt-about-us\" data-id=\"3981dced\" data-element_type=\"widget\" data-e-type=\"widget\" data-widget_type=\"rt-about-us.default\">\n\t\t\t\t<div class=\"elementor-widget-container\">\n\t\t\t\t\t<div class=\"about-box-layout22 motion-effects-wrap\">\r\n    <figure class=\"item-img\">\r\n        \t\t<img decoding=\"async\" width=\"1048\" height=\"699\" src=\"https:\/\/argyleassociates.com\/wp-content\/uploads\/2023\/07\/facial-3.webp\" class=\"attachment-full size-full\" alt=\"Cosmetic Surgery\" srcset=\"https:\/\/argyleassociates.com\/wp-content\/uploads\/2023\/07\/facial-3.webp 1048w, https:\/\/argyleassociates.com\/wp-content\/uploads\/2023\/07\/facial-3-300x200.webp 300w, https:\/\/argyleassociates.com\/wp-content\/uploads\/2023\/07\/facial-3-1024x683.webp 1024w\" sizes=\"(max-width: 1048px) 100vw, 1048px\" \/>\t\t        <div class=\"item-thumbs-img\">\r\n            <ul>\r\n            \t            <\/ul>\r\n        <\/div>\r\n        <div class=\"item-round\"><\/div>\r\n        <div class=\"shape-element\">\r\n            <ul>\r\n            \t\t\t\t    <li>\r\n\t\t\t    \t\t\t\t    <\/li>\r\n\t\t\t                <\/ul>\r\n        <\/div>\r\n        <div class=\"rt__circle\">\r\n            <div class=\"round-shape\"><i class=\"flaticon-medical-5\"><\/i><\/div>\r\n        <\/div>\r\n    <\/figure>\r\n<\/div>\r\n\t\t\t\t<\/div>\n\t\t\t\t<\/div>\n\t\t\t\t\t<\/div>\n\t\t<\/div>\n\t\t\t\t<div class=\"elementor-column elementor-col-50 elementor-top-column elementor-element elementor-element-5c785ebc\" data-id=\"5c785ebc\" data-element_type=\"column\" data-e-type=\"column\">\n\t\t\t<div class=\"elementor-widget-wrap elementor-element-populated\">\n\t\t\t\t\t\t<div class=\"elementor-element elementor-element-286256fc elementor-widget__width-initial elementor-widget elementor-widget-rt-text-with-title\" data-id=\"286256fc\" data-element_type=\"widget\" data-e-type=\"widget\" data-widget_type=\"rt-text-with-title.default\">\n\t\t\t\t<div class=\"elementor-widget-container\">\n\t\t\t\t\t\r\n<div class=\"rt-el-twt-5\">\t\r\n\t<div class=\"item-content\">\r\n\t\t\t\t<h2 class=\"item-title\">Chirurgie cosm\u00e9tique faciale<\/h2>\r\n\t\t\t\t\t\t<div class=\"sub-title\">Le premier pas de votre voyage vers un bien-\u00eatre accru est une consultation initiale avec l'un de nos chirurgiens. Ils seront ravis de discuter de toutes les pr\u00e9occupations que vous avez concernant l'apparence de votre visage et vous expliqueront vos options chirurgicales.<\/div>\r\n\t\t\t\t\t\t<p>Votre visage est votre premi\u00e8re impression sur le monde. De nombreux probl\u00e8mes peuvent affecter notre apparence. La maladie, les blessures, les d\u00e9formations et les d\u00e9fauts cong\u00e9nitaux en sont quelques-uns. Vous pouvez ressentir que l'apparence de votre visage vous emp\u00eache d'atteindre le succ\u00e8s personnel ou professionnel. Si tel est le cas, la chirurgie esth\u00e9tique du visage pourrait vous convenir. En savoir plus sur notre processus de r\u00e9servation de rendez-vous pour commencer votre voyage vers une apparence plus confiante et \u00e9panouissante. Notre \u00e9quipe exp\u00e9riment\u00e9e de chirurgiens esth\u00e9tiques est l\u00e0 pour vous guider \u00e0 chaque \u00e9tape du chemin, vous offrant un soutien et des soins personnalis\u00e9s pour atteindre vos objectifs esth\u00e9tiques. Avec des techniques modernes et des technologies avanc\u00e9es, nous sommes d\u00e9termin\u00e9s \u00e0 vous aider \u00e0 r\u00e9aliser votre plein potentiel esth\u00e9tique.<\/p><p>En savoir plus sur notre <a href=\"https:\/\/argyleassociates.com\/fr\/processus-de-reservation-et-de-rendez-vous\/\">processus de r\u00e9servation de rendez-vous<\/a><\/p>\t\r\n\t\t\t<\/div>\r\n<\/div>\r\n\r\n\t\t\t\t<\/div>\n\t\t\t\t<\/div>\n\t\t\t\t\t<\/div>\n\t\t<\/div>\n\t\t\t\t\t<\/div>\n\t\t<\/section>\n\t\t\t\t<\/div>\n\t\t","protected":false},"excerpt":{"rendered":"<p>PROC\u00c9DURES Chirurgie cosm\u00e9tique faciale Voir toutes les proc\u00e9dures Chirurgie cosm\u00e9tique faciale Le premier pas de votre voyage vers un bien-\u00eatre accru est une consultation initiale avec l&#8217;un de nos chirurgiens. Ils seront ravis de discuter de toutes les pr\u00e9occupations que vous avez concernant l&#8217;apparence de votre visage et vous expliqueront vos options chirurgicales. Votre visage&#8230;<\/p>\n","protected":false},"author":1,"featured_media":0,"parent":10749,"menu_order":0,"comment_status":"closed","ping_status":"closed","template":"","meta":{"inline_featured_image":false,"footnotes":""},"class_list":["post-10750","page","type-page","status-publish","hentry"],"yoast_head":"<!-- This site is optimized with the Yoast SEO plugin v27.3 - https:\/\/yoast.com\/product\/yoast-seo-wordpress\/ -->\n<title>Chirurgie esth\u00e9tique du visage - Argyle Associates<\/title>\n<meta name=\"description\" content=\"Votre choix pour l&#039;anesth\u00e9sie chirurgicale, la chirurgie d&#039;implants dentaires et l&#039;extraction des dents de sagesse.\" \/>\n<meta name=\"robots\" content=\"index, follow, max-snippet:-1, max-image-preview:large, max-video-preview:-1\" \/>\n<link rel=\"canonical\" href=\"https:\/\/argyleassociates.com\/fr\/nos-procedures\/chirurgie-esthetique-du-visage\/\" \/>\n<meta property=\"og:locale\" content=\"fr_FR\" \/>\n<meta property=\"og:type\" content=\"article\" \/>\n<meta property=\"og:title\" content=\"Chirurgie esth\u00e9tique du visage - Argyle Associates\" \/>\n<meta property=\"og:description\" content=\"Votre choix pour l&#039;anesth\u00e9sie chirurgicale, la chirurgie d&#039;implants dentaires et l&#039;extraction des dents de sagesse.\" \/>\n<meta property=\"og:url\" content=\"https:\/\/argyleassociates.com\/fr\/nos-procedures\/chirurgie-esthetique-du-visage\/\" \/>\n<meta property=\"og:site_name\" content=\"Argyle Associates\" \/>\n<meta property=\"article:publisher\" content=\"https:\/\/www.facebook.com\/argyleassociates\/\" \/>\n<meta property=\"article:modified_time\" content=\"2024-04-09T22:12:35+00:00\" \/>\n<meta property=\"og:image\" content=\"https:\/\/argyleassociates.com\/wp-content\/uploads\/2023\/07\/facial-surgery.webp\" \/>\n<meta name=\"twitter:card\" content=\"summary_large_image\" \/>\n<meta name=\"twitter:site\" content=\"@ArgyleAssociate\" \/>\n<meta name=\"twitter:label1\" content=\"Dur\u00e9e de lecture estim\u00e9e\" \/>\n\t<meta name=\"twitter:data1\" content=\"2 minutes\" \/>\n<script type=\"application\/ld+json\" class=\"yoast-schema-graph\">{\"@context\":\"https:\\\/\\\/schema.org\",\"@graph\":[{\"@type\":\"WebPage\",\"@id\":\"https:\\\/\\\/argyleassociates.com\\\/fr\\\/nos-procedures\\\/chirurgie-esthetique-du-visage\\\/\",\"url\":\"https:\\\/\\\/argyleassociates.com\\\/fr\\\/nos-procedures\\\/chirurgie-esthetique-du-visage\\\/\",\"name\":\"Chirurgie esth\u00e9tique du visage - Argyle Associates\",\"isPartOf\":{\"@id\":\"https:\\\/\\\/argyleassociates.com\\\/fr\\\/#website\"},\"primaryImageOfPage\":{\"@id\":\"https:\\\/\\\/argyleassociates.com\\\/fr\\\/nos-procedures\\\/chirurgie-esthetique-du-visage\\\/#primaryimage\"},\"image\":{\"@id\":\"https:\\\/\\\/argyleassociates.com\\\/fr\\\/nos-procedures\\\/chirurgie-esthetique-du-visage\\\/#primaryimage\"},\"thumbnailUrl\":\"https:\\\/\\\/argyleassociates.com\\\/wp-content\\\/uploads\\\/2023\\\/07\\\/facial-surgery.webp\",\"datePublished\":\"2023-06-19T02:11:39+00:00\",\"dateModified\":\"2024-04-09T22:12:35+00:00\",\"description\":\"Votre choix pour l'anesth\u00e9sie chirurgicale, la chirurgie d'implants dentaires et l'extraction des dents de sagesse.\",\"breadcrumb\":{\"@id\":\"https:\\\/\\\/argyleassociates.com\\\/fr\\\/nos-procedures\\\/chirurgie-esthetique-du-visage\\\/#breadcrumb\"},\"inLanguage\":\"fr-FR\",\"potentialAction\":[{\"@type\":\"ReadAction\",\"target\":[\"https:\\\/\\\/argyleassociates.com\\\/fr\\\/nos-procedures\\\/chirurgie-esthetique-du-visage\\\/\"]}]},{\"@type\":\"ImageObject\",\"inLanguage\":\"fr-FR\",\"@id\":\"https:\\\/\\\/argyleassociates.com\\\/fr\\\/nos-procedures\\\/chirurgie-esthetique-du-visage\\\/#primaryimage\",\"url\":\"https:\\\/\\\/argyleassociates.com\\\/wp-content\\\/uploads\\\/2023\\\/07\\\/facial-surgery.webp\",\"contentUrl\":\"https:\\\/\\\/argyleassociates.com\\\/wp-content\\\/uploads\\\/2023\\\/07\\\/facial-surgery.webp\"},{\"@type\":\"BreadcrumbList\",\"@id\":\"https:\\\/\\\/argyleassociates.com\\\/fr\\\/nos-procedures\\\/chirurgie-esthetique-du-visage\\\/#breadcrumb\",\"itemListElement\":[{\"@type\":\"ListItem\",\"position\":1,\"name\":\"Home\",\"item\":\"https:\\\/\\\/argyleassociates.com\\\/fr\\\/\"},{\"@type\":\"ListItem\",\"position\":2,\"name\":\"Proc\u00e9dures\",\"item\":\"https:\\\/\\\/argyleassociates.com\\\/fr\\\/nos-procedures\\\/\"},{\"@type\":\"ListItem\",\"position\":3,\"name\":\"Chirurgie esth\u00e9tique du visage\"}]},{\"@type\":\"WebSite\",\"@id\":\"https:\\\/\\\/argyleassociates.com\\\/fr\\\/#website\",\"url\":\"https:\\\/\\\/argyleassociates.com\\\/fr\\\/\",\"name\":\"Argyle Associates\",\"description\":\"Wisdom Teeth, Dental Implants &amp; Maxillofacial Surgery\",\"publisher\":{\"@id\":\"https:\\\/\\\/argyleassociates.com\\\/fr\\\/#organization\"},\"potentialAction\":[{\"@type\":\"SearchAction\",\"target\":{\"@type\":\"EntryPoint\",\"urlTemplate\":\"https:\\\/\\\/argyleassociates.com\\\/fr\\\/?s={search_term_string}\"},\"query-input\":{\"@type\":\"PropertyValueSpecification\",\"valueRequired\":true,\"valueName\":\"search_term_string\"}}],\"inLanguage\":\"fr-FR\"},{\"@type\":\"Organization\",\"@id\":\"https:\\\/\\\/argyleassociates.com\\\/fr\\\/#organization\",\"name\":\"Argyle Associates\",\"url\":\"https:\\\/\\\/argyleassociates.com\\\/fr\\\/\",\"logo\":{\"@type\":\"ImageObject\",\"inLanguage\":\"fr-FR\",\"@id\":\"https:\\\/\\\/argyleassociates.com\\\/fr\\\/#\\\/schema\\\/logo\\\/image\\\/\",\"url\":\"https:\\\/\\\/argyleassociates.com\\\/wp-content\\\/uploads\\\/2023\\\/06\\\/logo-en.jpg\",\"contentUrl\":\"https:\\\/\\\/argyleassociates.com\\\/wp-content\\\/uploads\\\/2023\\\/06\\\/logo-en.jpg\",\"width\":268,\"height\":129,\"caption\":\"Argyle Associates\"},\"image\":{\"@id\":\"https:\\\/\\\/argyleassociates.com\\\/fr\\\/#\\\/schema\\\/logo\\\/image\\\/\"},\"sameAs\":[\"https:\\\/\\\/www.facebook.com\\\/argyleassociates\\\/\",\"https:\\\/\\\/x.com\\\/ArgyleAssociate\",\"https:\\\/\\\/www.instagram.com\\\/argyleassociates1976\\\/\"]}]}<\/script>\n<!-- \/ Yoast SEO plugin. -->","yoast_head_json":{"title":"Chirurgie esth\u00e9tique du visage - Argyle Associates","description":"Votre choix pour l'anesth\u00e9sie chirurgicale, la chirurgie d'implants dentaires et l'extraction des dents de sagesse.","robots":{"index":"index","follow":"follow","max-snippet":"max-snippet:-1","max-image-preview":"max-image-preview:large","max-video-preview":"max-video-preview:-1"},"canonical":"https:\/\/argyleassociates.com\/fr\/nos-procedures\/chirurgie-esthetique-du-visage\/","og_locale":"fr_FR","og_type":"article","og_title":"Chirurgie esth\u00e9tique du visage - Argyle Associates","og_description":"Votre choix pour l'anesth\u00e9sie chirurgicale, la chirurgie d'implants dentaires et l'extraction des dents de sagesse.","og_url":"https:\/\/argyleassociates.com\/fr\/nos-procedures\/chirurgie-esthetique-du-visage\/","og_site_name":"Argyle Associates","article_publisher":"https:\/\/www.facebook.com\/argyleassociates\/","article_modified_time":"2024-04-09T22:12:35+00:00","og_image":[{"url":"https:\/\/argyleassociates.com\/wp-content\/uploads\/2023\/07\/facial-surgery.webp","type":"","width":"","height":""}],"twitter_card":"summary_large_image","twitter_site":"@ArgyleAssociate","twitter_misc":{"Dur\u00e9e de lecture estim\u00e9e":"2 minutes"},"schema":{"@context":"https:\/\/schema.org","@graph":[{"@type":"WebPage","@id":"https:\/\/argyleassociates.com\/fr\/nos-procedures\/chirurgie-esthetique-du-visage\/","url":"https:\/\/argyleassociates.com\/fr\/nos-procedures\/chirurgie-esthetique-du-visage\/","name":"Chirurgie esth\u00e9tique du visage - Argyle Associates","isPartOf":{"@id":"https:\/\/argyleassociates.com\/fr\/#website"},"primaryImageOfPage":{"@id":"https:\/\/argyleassociates.com\/fr\/nos-procedures\/chirurgie-esthetique-du-visage\/#primaryimage"},"image":{"@id":"https:\/\/argyleassociates.com\/fr\/nos-procedures\/chirurgie-esthetique-du-visage\/#primaryimage"},"thumbnailUrl":"https:\/\/argyleassociates.com\/wp-content\/uploads\/2023\/07\/facial-surgery.webp","datePublished":"2023-06-19T02:11:39+00:00","dateModified":"2024-04-09T22:12:35+00:00","description":"Votre choix pour l'anesth\u00e9sie chirurgicale, la chirurgie d'implants dentaires et l'extraction des dents de sagesse.","breadcrumb":{"@id":"https:\/\/argyleassociates.com\/fr\/nos-procedures\/chirurgie-esthetique-du-visage\/#breadcrumb"},"inLanguage":"fr-FR","potentialAction":[{"@type":"ReadAction","target":["https:\/\/argyleassociates.com\/fr\/nos-procedures\/chirurgie-esthetique-du-visage\/"]}]},{"@type":"ImageObject","inLanguage":"fr-FR","@id":"https:\/\/argyleassociates.com\/fr\/nos-procedures\/chirurgie-esthetique-du-visage\/#primaryimage","url":"https:\/\/argyleassociates.com\/wp-content\/uploads\/2023\/07\/facial-surgery.webp","contentUrl":"https:\/\/argyleassociates.com\/wp-content\/uploads\/2023\/07\/facial-surgery.webp"},{"@type":"BreadcrumbList","@id":"https:\/\/argyleassociates.com\/fr\/nos-procedures\/chirurgie-esthetique-du-visage\/#breadcrumb","itemListElement":[{"@type":"ListItem","position":1,"name":"Home","item":"https:\/\/argyleassociates.com\/fr\/"},{"@type":"ListItem","position":2,"name":"Proc\u00e9dures","item":"https:\/\/argyleassociates.com\/fr\/nos-procedures\/"},{"@type":"ListItem","position":3,"name":"Chirurgie esth\u00e9tique du visage"}]},{"@type":"WebSite","@id":"https:\/\/argyleassociates.com\/fr\/#website","url":"https:\/\/argyleassociates.com\/fr\/","name":"Argyle Associates","description":"Wisdom Teeth, Dental Implants &amp; Maxillofacial Surgery","publisher":{"@id":"https:\/\/argyleassociates.com\/fr\/#organization"},"potentialAction":[{"@type":"SearchAction","target":{"@type":"EntryPoint","urlTemplate":"https:\/\/argyleassociates.com\/fr\/?s={search_term_string}"},"query-input":{"@type":"PropertyValueSpecification","valueRequired":true,"valueName":"search_term_string"}}],"inLanguage":"fr-FR"},{"@type":"Organization","@id":"https:\/\/argyleassociates.com\/fr\/#organization","name":"Argyle Associates","url":"https:\/\/argyleassociates.com\/fr\/","logo":{"@type":"ImageObject","inLanguage":"fr-FR","@id":"https:\/\/argyleassociates.com\/fr\/#\/schema\/logo\/image\/","url":"https:\/\/argyleassociates.com\/wp-content\/uploads\/2023\/06\/logo-en.jpg","contentUrl":"https:\/\/argyleassociates.com\/wp-content\/uploads\/2023\/06\/logo-en.jpg","width":268,"height":129,"caption":"Argyle Associates"},"image":{"@id":"https:\/\/argyleassociates.com\/fr\/#\/schema\/logo\/image\/"},"sameAs":["https:\/\/www.facebook.com\/argyleassociates\/","https:\/\/x.com\/ArgyleAssociate","https:\/\/www.instagram.com\/argyleassociates1976\/"]}]}},"_links":{"self":[{"href":"https:\/\/argyleassociates.com\/fr\/wp-json\/wp\/v2\/pages\/10750","targetHints":{"allow":["GET"]}}],"collection":[{"href":"https:\/\/argyleassociates.com\/fr\/wp-json\/wp\/v2\/pages"}],"about":[{"href":"https:\/\/argyleassociates.com\/fr\/wp-json\/wp\/v2\/types\/page"}],"author":[{"embeddable":true,"href":"https:\/\/argyleassociates.com\/fr\/wp-json\/wp\/v2\/users\/1"}],"replies":[{"embeddable":true,"href":"https:\/\/argyleassociates.com\/fr\/wp-json\/wp\/v2\/comments?post=10750"}],"version-history":[{"count":4,"href":"https:\/\/argyleassociates.com\/fr\/wp-json\/wp\/v2\/pages\/10750\/revisions"}],"predecessor-version":[{"id":14365,"href":"https:\/\/argyleassociates.com\/fr\/wp-json\/wp\/v2\/pages\/10750\/revisions\/14365"}],"up":[{"embeddable":true,"href":"https:\/\/argyleassociates.com\/fr\/wp-json\/wp\/v2\/pages\/10749"}],"wp:attachment":[{"href":"https:\/\/argyleassociates.com\/fr\/wp-json\/wp\/v2\/media?parent=10750"}],"curies":[{"name":"wp","href":"https:\/\/api.w.org\/{rel}","templated":true}]}}