{"id":10760,"date":"2023-06-15T03:51:54","date_gmt":"2023-06-15T03:51:54","guid":{"rendered":"https:\/\/argyleassociates.com\/retired-surgeons\/"},"modified":"2024-04-09T22:31:53","modified_gmt":"2024-04-09T22:31:53","slug":"chirurgiens-retraites","status":"publish","type":"page","link":"https:\/\/argyleassociates.com\/fr\/chirurgiens-retraites\/","title":{"rendered":"Chirurgiens retrait\u00e9s"},"content":{"rendered":"\t\t<div data-elementor-type=\"wp-post\" data-elementor-id=\"10760\" class=\"elementor elementor-10760 elementor-5804\" data-elementor-post-type=\"page\">\n\t\t\t\t\t\t<section class=\"elementor-section elementor-top-section elementor-element elementor-element-6f4a344f elementor-section-stretched elementor-section-boxed elementor-section-height-default elementor-section-height-default\" data-id=\"6f4a344f\" data-element_type=\"section\" data-e-type=\"section\" data-settings=\"{&quot;stretch_section&quot;:&quot;section-stretched&quot;,&quot;background_background&quot;:&quot;classic&quot;}\">\n\t\t\t\t\t\t\t<div class=\"elementor-background-overlay\"><\/div>\n\t\t\t\t\t\t\t<div class=\"elementor-container elementor-column-gap-default\">\n\t\t\t\t\t<div class=\"elementor-column elementor-col-100 elementor-top-column elementor-element elementor-element-75ab636b\" data-id=\"75ab636b\" data-element_type=\"column\" data-e-type=\"column\">\n\t\t\t<div class=\"elementor-widget-wrap elementor-element-populated\">\n\t\t\t\t\t\t<div class=\"elementor-element elementor-element-9079ee8 elementor-widget elementor-widget-rt-banner\" data-id=\"9079ee8\" data-element_type=\"widget\" data-e-type=\"widget\" data-widget_type=\"rt-banner.default\">\n\t\t\t\t<div class=\"elementor-widget-container\">\n\t\t\t\t\t<div class=\"main-banner-wrap2 motion-effects-wrap\">\r\n\t\t<div class=\"shape-list\">\r\n\t  <ul>\r\n\t   \t  \t\t<li><\/li>\r\n\t  \t\t  <\/ul>\r\n\t<\/div>\r\n\t\t  <div class=\"row align-items-center\">\r\n\t    <div class=\"col-lg-6\">\r\n\t      <div class=\"main-banner-box1 main-banner-box4\">\r\n\t      \t\t        <div class=\"heading-title\">\r\n\t          <h1>Chirurgiens retrait\u00e9s<\/h1>\r\n\t        <\/div>\r\n\t        \t        \t        <div class=\"item-button\">\r\n\t          <a class=\"item-btn\" href=\"https:\/\/argyleassociates.com\/fr\/contactez-nous\/\">Contactez-nous<i class=\"fas fa-angle-right\"><\/i><\/a>\t        <\/div>\r\n\t        \t      <\/div>\r\n\t    <\/div>\r\n\t    <div class=\"col-lg-6\">\r\n\t      <div class=\"main-banner-box2 main-banner-box3 wow fadeInRight\" data-wow-delay=\".6s\">\r\n\t        <div class=\"item-img\">\r\n\t          \t        \t<img fetchpriority=\"high\" decoding=\"async\" width=\"1000\" height=\"600\" src=\"https:\/\/argyleassociates.com\/wp-content\/uploads\/2023\/08\/Retired-Surgeons-1.jpg\" class=\"attachment-full size-full\" alt=\"Surgeons\" srcset=\"https:\/\/argyleassociates.com\/wp-content\/uploads\/2023\/08\/Retired-Surgeons-1.jpg 1000w, https:\/\/argyleassociates.com\/wp-content\/uploads\/2023\/08\/Retired-Surgeons-1-300x180.jpg 300w\" sizes=\"(max-width: 1000px) 100vw, 1000px\" \/>\t          \t          \t        <\/div>\r\n\t      <\/div>\r\n\t    <\/div>\r\n\t  <\/div>\r\n<\/div>\t\t\t\t<\/div>\n\t\t\t\t<\/div>\n\t\t\t\t\t<\/div>\n\t\t<\/div>\n\t\t\t\t\t<\/div>\n\t\t<\/section>\n\t\t\t\t<section class=\"elementor-section elementor-top-section elementor-element elementor-element-9894b07 elementor-section-stretched elementor-section-boxed elementor-section-height-default elementor-section-height-default\" data-id=\"9894b07\" data-element_type=\"section\" data-e-type=\"section\" data-settings=\"{&quot;stretch_section&quot;:&quot;section-stretched&quot;}\">\n\t\t\t\t\t\t<div class=\"elementor-container elementor-column-gap-default\">\n\t\t\t\t\t<div class=\"elementor-column elementor-col-100 elementor-top-column elementor-element elementor-element-7ceca77\" data-id=\"7ceca77\" data-element_type=\"column\" data-e-type=\"column\">\n\t\t\t<div class=\"elementor-widget-wrap elementor-element-populated\">\n\t\t\t\t\t\t<div class=\"elementor-element elementor-element-e6d7bca elementor-widget elementor-widget-rt-title\" data-id=\"e6d7bca\" data-element_type=\"widget\" data-e-type=\"widget\" data-widget_type=\"rt-title.default\">\n\t\t\t\t<div class=\"elementor-widget-container\">\n\t\t\t\t\t\r\n<div class=\"rt-el-title section-heading heading-dark heading-layout5 style3\">\r\n\t<h2 class=\"rtin-title\">Nos chirurgiens retrait\u00e9s<\/h2>\r\n<\/div>\r\n\r\n\t\t\t\t<\/div>\n\t\t\t\t<\/div>\n\t\t\t\t<section class=\"elementor-section elementor-inner-section elementor-element elementor-element-dd375dc elementor-section-boxed elementor-section-height-default elementor-section-height-default\" data-id=\"dd375dc\" data-element_type=\"section\" data-e-type=\"section\">\n\t\t\t\t\t\t<div class=\"elementor-container elementor-column-gap-default\">\n\t\t\t\t\t<div class=\"elementor-column elementor-col-100 elementor-inner-column elementor-element elementor-element-eebef85\" data-id=\"eebef85\" data-element_type=\"column\" data-e-type=\"column\">\n\t\t\t<div class=\"elementor-widget-wrap elementor-element-populated\">\n\t\t\t\t\t\t<div class=\"elementor-element elementor-element-f73f482 elementor-widget elementor-widget-rt-doctor\" data-id=\"f73f482\" data-element_type=\"widget\" data-e-type=\"widget\" data-widget_type=\"rt-doctor.default\">\n\t\t\t\t<div class=\"elementor-widget-container\">\n\t\t\t\t\t\r\n\r\n<div class=\"rt-el-doctor-grid-2 row no-equal-gallery\">\r\n\r\n\t\t\t\t\t\t\t\t\t\t<div class=\"rtin-item no-equal-item col-lg-4 col-md-2 col-sm-12 col-xs-12\">\r\n\t\t\t\t\t <div class=\"team-box-layout2\">\r\n                            \t\t\t\t\t\t\t\t\t    \r\n                        \t\t<div class=\"item-img\">                           \r\n\t\t\t\t\t\t\t\t   <img decoding=\"async\" width=\"230\" height=\"230\" src=\"https:\/\/argyleassociates.com\/wp-content\/uploads\/2023\/07\/thb-01-250x250-biewald-230x230.png\" class=\"attachment-medilink-size5 size-medilink-size5 wp-post-image\" alt=\"Surgeons\" srcset=\"https:\/\/argyleassociates.com\/wp-content\/uploads\/2023\/07\/thb-01-250x250-biewald-230x230.png 230w, https:\/\/argyleassociates.com\/wp-content\/uploads\/2023\/07\/thb-01-250x250-biewald-150x150.png 150w, https:\/\/argyleassociates.com\/wp-content\/uploads\/2023\/07\/thb-01-250x250-biewald-70x70.png 70w, https:\/\/argyleassociates.com\/wp-content\/uploads\/2023\/07\/thb-01-250x250-biewald.png 250w\" sizes=\"(max-width: 230px) 100vw, 230px\" \/>\t                            <ul class=\"item-icon\">\r\n\t                                <li>\r\n\t                                    <a href=\"https:\/\/argyleassociates.com\/fr\/doctors\/dr-h-richard-biewald\/\">\r\n\t                                        <i class=\"fas fa-plus\"><\/i>\r\n\t                                    <\/a>\r\n\t                                <\/li>\r\n\t                            <\/ul>\r\n                        \t\t<\/div>\r\n                                                <div class=\"item-content\">\r\n                            <h3 class=\"item-title\">\r\n                              <a href=\"https:\/\/argyleassociates.com\/fr\/doctors\/dr-h-richard-biewald\/\">Dr. H. Richard Biewald<\/a>\r\n                            <\/h3>                       \r\n \t\t\t\t\t\t\t                         <\/div>\r\n                     \t<div class=\"item-content-txt text-center\"><p>\u00c0 Argyle Associates, notre expertise s&#8217;\u00e9tend \u00e0 la fourniture d&#8217;un\u2026<\/p><\/div>\r\n\t\t\t\t\t        <div class=\"item-schedule\">\t\t\t\t\t          \r\n\t\t\t\t\t             \t\t\t\t\t            \t<div class=\"btn-holder\"><a href=\"https:\/\/argyleassociates.com\/fr\/doctors\/dr-h-richard-biewald\/\" class=\"item-btn\">Voir le profil<\/a><\/div>\r\n\t\t\t\t\t\t\t\t\t\t \r\n\t\t\t\t\t        <\/div>\t\t\t\t  \t\t                      \r\n                    <\/div>  \r\n                <\/div>\r\n\t\t\t\t\t\t\t\t\t<div class=\"rtin-item no-equal-item col-lg-4 col-md-2 col-sm-12 col-xs-12\">\r\n\t\t\t\t\t <div class=\"team-box-layout2\">\r\n                            \t\t\t\t\t\t\t\t\t    \r\n                        \t\t<div class=\"item-img\">                           \r\n\t\t\t\t\t\t\t\t   <img decoding=\"async\" width=\"230\" height=\"230\" src=\"https:\/\/argyleassociates.com\/wp-content\/uploads\/2023\/07\/thb-kucey-230x230.png\" class=\"attachment-medilink-size5 size-medilink-size5 wp-post-image\" alt=\"Dr. Samuel P. Kucey\" srcset=\"https:\/\/argyleassociates.com\/wp-content\/uploads\/2023\/07\/thb-kucey-230x230.png 230w, https:\/\/argyleassociates.com\/wp-content\/uploads\/2023\/07\/thb-kucey-150x150.png 150w, https:\/\/argyleassociates.com\/wp-content\/uploads\/2023\/07\/thb-kucey-70x70.png 70w, https:\/\/argyleassociates.com\/wp-content\/uploads\/2023\/07\/thb-kucey.png 250w\" sizes=\"(max-width: 230px) 100vw, 230px\" \/>\t                            <ul class=\"item-icon\">\r\n\t                                <li>\r\n\t                                    <a href=\"https:\/\/argyleassociates.com\/fr\/doctors\/dr-samuel-p-kucey\/\">\r\n\t                                        <i class=\"fas fa-plus\"><\/i>\r\n\t                                    <\/a>\r\n\t                                <\/li>\r\n\t                            <\/ul>\r\n                        \t\t<\/div>\r\n                                                <div class=\"item-content\">\r\n                            <h3 class=\"item-title\">\r\n                              <a href=\"https:\/\/argyleassociates.com\/fr\/doctors\/dr-samuel-p-kucey\/\">Dr. Samuel P. Kucey<\/a>\r\n                            <\/h3>                       \r\n \t\t\t\t\t\t\t                         <\/div>\r\n                     \t<div class=\"item-content-txt text-center\"><p>Argyle Associates est reconnu comme un leader en mati\u00e8re de\u2026<\/p><\/div>\r\n\t\t\t\t\t        <div class=\"item-schedule\">\t\t\t\t\t          \r\n\t\t\t\t\t             \t\t\t\t\t            \t<div class=\"btn-holder\"><a href=\"https:\/\/argyleassociates.com\/fr\/doctors\/dr-samuel-p-kucey\/\" class=\"item-btn\">Voir le profil<\/a><\/div>\r\n\t\t\t\t\t\t\t\t\t\t \r\n\t\t\t\t\t        <\/div>\t\t\t\t  \t\t                      \r\n                    <\/div>  \r\n                <\/div>\r\n\t\t\t\t\t\t\t\t\t<div class=\"rtin-item no-equal-item col-lg-4 col-md-2 col-sm-12 col-xs-12\">\r\n\t\t\t\t\t <div class=\"team-box-layout2\">\r\n                            \t\t\t\t\t\t\t\t\t    \r\n                        \t\t<div class=\"item-img\">                           \r\n\t\t\t\t\t\t\t\t   <img loading=\"lazy\" decoding=\"async\" width=\"230\" height=\"230\" src=\"https:\/\/argyleassociates.com\/wp-content\/uploads\/2023\/07\/thb-01-250x250-zeligman-230x230.png\" class=\"attachment-medilink-size5 size-medilink-size5 wp-post-image\" alt=\"Surgeons\" srcset=\"https:\/\/argyleassociates.com\/wp-content\/uploads\/2023\/07\/thb-01-250x250-zeligman-230x230.png 230w, https:\/\/argyleassociates.com\/wp-content\/uploads\/2023\/07\/thb-01-250x250-zeligman-150x150.png 150w, https:\/\/argyleassociates.com\/wp-content\/uploads\/2023\/07\/thb-01-250x250-zeligman-70x70.png 70w, https:\/\/argyleassociates.com\/wp-content\/uploads\/2023\/07\/thb-01-250x250-zeligman.png 250w\" sizes=\"(max-width: 230px) 100vw, 230px\" \/>\t                            <ul class=\"item-icon\">\r\n\t                                <li>\r\n\t                                    <a href=\"https:\/\/argyleassociates.com\/fr\/doctors\/dr-ed-zeligman\/\">\r\n\t                                        <i class=\"fas fa-plus\"><\/i>\r\n\t                                    <\/a>\r\n\t                                <\/li>\r\n\t                            <\/ul>\r\n                        \t\t<\/div>\r\n                                                <div class=\"item-content\">\r\n                            <h3 class=\"item-title\">\r\n                              <a href=\"https:\/\/argyleassociates.com\/fr\/doctors\/dr-ed-zeligman\/\">Dr. Ed Zeligman<\/a>\r\n                            <\/h3>                       \r\n \t\t\t\t\t\t\t                         <\/div>\r\n                     \t<div class=\"item-content-txt text-center\"><p>Argyle Associates propose des services experts en greffe osseuse pour\u2026<\/p><\/div>\r\n\t\t\t\t\t        <div class=\"item-schedule\">\t\t\t\t\t          \r\n\t\t\t\t\t             \t\t\t\t\t            \t<div class=\"btn-holder\"><a href=\"https:\/\/argyleassociates.com\/fr\/doctors\/dr-ed-zeligman\/\" class=\"item-btn\">Voir le profil<\/a><\/div>\r\n\t\t\t\t\t\t\t\t\t\t \r\n\t\t\t\t\t        <\/div>\t\t\t\t  \t\t                      \r\n                    <\/div>  \r\n                <\/div>\r\n\t\t\t\t<\/div>\r\n\r\n\t\t\t\t<\/div>\n\t\t\t\t<\/div>\n\t\t\t\t<div class=\"elementor-element elementor-element-1e2c1e0 elementor-widget elementor-widget-text-editor\" data-id=\"1e2c1e0\" data-element_type=\"widget\" data-e-type=\"widget\" data-widget_type=\"text-editor.default\">\n\t\t\t\t<div class=\"elementor-widget-container\">\n\t\t\t\t\t\t\t\t\tArgyle Associates propose une gamme compl\u00e8te de services de chirurgie buccale et maxillo-faciale aux patients de la r\u00e9gion d&#8217;Ottawa. Des implants dentaires et l&#8217;extraction des dents de sagesse \u00e0 la chirurgie corrective de la m\u00e2choire et au traitement des traumatismes faciaux, notre \u00e9quipe de chirurgiens exp\u00e9riment\u00e9s est d\u00e9di\u00e9e \u00e0 fournir des soins de qualit\u00e9 sup\u00e9rieure adapt\u00e9s aux besoins uniques de chaque patient. Avec un accent sur les techniques avanc\u00e9es et la technologie de pointe, nous nous effor\u00e7ons d&#8217;atteindre des r\u00e9sultats optimaux tout en garantissant le confort et la s\u00e9curit\u00e9 des patients. De plus, nous proposons diverses options d&#8217;anesth\u00e9sie, y compris la s\u00e9dation par voie intraveineuse et l&#8217;anesth\u00e9sie g\u00e9n\u00e9rale, pour r\u00e9pondre aux pr\u00e9f\u00e9rences individuelles et garantir une exp\u00e9rience chirurgicale confortable. Que vous ayez besoin de proc\u00e9dures dentaires de routine ou d&#8217;interventions chirurgicales complexes, Argyle Associates s&#8217;engage \u00e0 fournir l&#8217;excellence en chirurgie buccale et maxillo-faciale pour une sant\u00e9 bucco-dentaire am\u00e9lior\u00e9e et un bien-\u00eatre global.\t\t\t\t\t\t\t\t<\/div>\n\t\t\t\t<\/div>\n\t\t\t\t\t<\/div>\n\t\t<\/div>\n\t\t\t\t\t<\/div>\n\t\t<\/section>\n\t\t\t\t\t<\/div>\n\t\t<\/div>\n\t\t\t\t\t<\/div>\n\t\t<\/section>\n\t\t\t\t<section class=\"elementor-section elementor-top-section elementor-element elementor-element-fdd98e3 elementor-section-stretched elementor-section-boxed elementor-section-height-default elementor-section-height-default\" data-id=\"fdd98e3\" data-element_type=\"section\" data-e-type=\"section\" data-settings=\"{&quot;stretch_section&quot;:&quot;section-stretched&quot;,&quot;background_background&quot;:&quot;classic&quot;}\">\n\t\t\t\t\t\t<div class=\"elementor-container elementor-column-gap-default\">\n\t\t\t\t\t<div class=\"elementor-column elementor-col-100 elementor-top-column elementor-element elementor-element-5de4c03\" data-id=\"5de4c03\" data-element_type=\"column\" data-e-type=\"column\">\n\t\t\t<div class=\"elementor-widget-wrap elementor-element-populated\">\n\t\t\t\t\t\t<div class=\"elementor-element elementor-element-45973e0 elementor-widget elementor-widget-rt-cta\" data-id=\"45973e0\" data-element_type=\"widget\" data-e-type=\"widget\" data-widget_type=\"rt-cta.default\">\n\t\t\t\t<div class=\"elementor-widget-container\">\n\t\t\t\t\t\r\n<div class=\"call-to-action-box-layout6\">\r\n            <p class=\"item-sub-title\">Contactez-nous aujourd'hui<\/p>\r\n       \r\n          <h2 class=\"item-title\">Un de nos professionnels qualifi\u00e9s vous r\u00e9pondra dans les plus brefs d\u00e9lais.<\/h2>\r\n          \r\n        <div class=\"call-to-action-btn\">\r\n        <a class=\"item-btn\" href=\"https:\/\/argyleassociates.com\/fr\/contactez-nous\/\">Contactez-nous!<\/a>                                  \r\n    <\/div>      \r\n       \r\n<\/div>\r\n\r\n\t\t\t\t<\/div>\n\t\t\t\t<\/div>\n\t\t\t\t\t<\/div>\n\t\t<\/div>\n\t\t\t\t\t<\/div>\n\t\t<\/section>\n\t\t\t\t<\/div>\n\t\t","protected":false},"excerpt":{"rendered":"<p>Chirurgiens retrait\u00e9s Contactez-nous Nos chirurgiens retrait\u00e9s Dr. H. Richard Biewald Contact Us Today We will have one of our trained&hellip; Voir le profil Dr. Samuel P. Kucey Argyle Associates boasts extensive expertise in wisdom tooth removal services&hellip; Voir le profil Dr. Ed Zeligman Contact Us Today We will have one of our trained&hellip; Voir le&#8230;<\/p>\n","protected":false},"author":1,"featured_media":0,"parent":0,"menu_order":0,"comment_status":"closed","ping_status":"closed","template":"","meta":{"inline_featured_image":false,"footnotes":""},"class_list":["post-10760","page","type-page","status-publish","hentry"],"yoast_head":"<!-- This site is optimized with the Yoast SEO plugin v27.3 - https:\/\/yoast.com\/product\/yoast-seo-wordpress\/ -->\n<title>Chirurgiens retrait\u00e9s : Proc\u00e9dures maxillo-Faciales<\/title>\n<meta name=\"description\" content=\"Argyle Associates : Sp\u00e9cialistes en Dentisterie Num\u00e9rique, Implants Dentaires, Traumatismes Faciaux et Greffes Osseuses.\" \/>\n<meta name=\"robots\" content=\"index, follow, max-snippet:-1, max-image-preview:large, max-video-preview:-1\" \/>\n<link rel=\"canonical\" href=\"https:\/\/argyleassociates.com\/fr\/chirurgiens-retraites\/\" \/>\n<meta property=\"og:locale\" content=\"fr_FR\" \/>\n<meta property=\"og:type\" content=\"article\" \/>\n<meta property=\"og:title\" content=\"Chirurgiens retrait\u00e9s : Proc\u00e9dures maxillo-Faciales\" \/>\n<meta property=\"og:description\" content=\"Argyle Associates : Sp\u00e9cialistes en Dentisterie Num\u00e9rique, Implants Dentaires, Traumatismes Faciaux et Greffes Osseuses.\" \/>\n<meta property=\"og:url\" content=\"https:\/\/argyleassociates.com\/fr\/chirurgiens-retraites\/\" \/>\n<meta property=\"og:site_name\" content=\"Argyle Associates\" \/>\n<meta property=\"article:publisher\" content=\"https:\/\/www.facebook.com\/argyleassociates\/\" \/>\n<meta property=\"article:modified_time\" content=\"2024-04-09T22:31:53+00:00\" \/>\n<meta property=\"og:image\" content=\"https:\/\/argyleassociates.com\/wp-content\/uploads\/2023\/08\/Retired-Surgeons-1.jpg\" \/>\n<meta name=\"twitter:card\" content=\"summary_large_image\" \/>\n<meta name=\"twitter:site\" content=\"@ArgyleAssociate\" \/>\n<meta name=\"twitter:label1\" content=\"Dur\u00e9e de lecture estim\u00e9e\" \/>\n\t<meta name=\"twitter:data1\" content=\"2 minutes\" \/>\n<script type=\"application\/ld+json\" class=\"yoast-schema-graph\">{\"@context\":\"https:\\\/\\\/schema.org\",\"@graph\":[{\"@type\":\"WebPage\",\"@id\":\"https:\\\/\\\/argyleassociates.com\\\/fr\\\/chirurgiens-retraites\\\/\",\"url\":\"https:\\\/\\\/argyleassociates.com\\\/fr\\\/chirurgiens-retraites\\\/\",\"name\":\"Chirurgiens retrait\u00e9s : Proc\u00e9dures maxillo-Faciales\",\"isPartOf\":{\"@id\":\"https:\\\/\\\/argyleassociates.com\\\/fr\\\/#website\"},\"primaryImageOfPage\":{\"@id\":\"https:\\\/\\\/argyleassociates.com\\\/fr\\\/chirurgiens-retraites\\\/#primaryimage\"},\"image\":{\"@id\":\"https:\\\/\\\/argyleassociates.com\\\/fr\\\/chirurgiens-retraites\\\/#primaryimage\"},\"thumbnailUrl\":\"https:\\\/\\\/argyleassociates.com\\\/wp-content\\\/uploads\\\/2023\\\/08\\\/Retired-Surgeons-1.jpg\",\"datePublished\":\"2023-06-15T03:51:54+00:00\",\"dateModified\":\"2024-04-09T22:31:53+00:00\",\"description\":\"Argyle Associates : Sp\u00e9cialistes en Dentisterie Num\u00e9rique, Implants Dentaires, Traumatismes Faciaux et Greffes Osseuses.\",\"breadcrumb\":{\"@id\":\"https:\\\/\\\/argyleassociates.com\\\/fr\\\/chirurgiens-retraites\\\/#breadcrumb\"},\"inLanguage\":\"fr-FR\",\"potentialAction\":[{\"@type\":\"ReadAction\",\"target\":[\"https:\\\/\\\/argyleassociates.com\\\/fr\\\/chirurgiens-retraites\\\/\"]}]},{\"@type\":\"ImageObject\",\"inLanguage\":\"fr-FR\",\"@id\":\"https:\\\/\\\/argyleassociates.com\\\/fr\\\/chirurgiens-retraites\\\/#primaryimage\",\"url\":\"https:\\\/\\\/argyleassociates.com\\\/wp-content\\\/uploads\\\/2023\\\/08\\\/Retired-Surgeons-1.jpg\",\"contentUrl\":\"https:\\\/\\\/argyleassociates.com\\\/wp-content\\\/uploads\\\/2023\\\/08\\\/Retired-Surgeons-1.jpg\"},{\"@type\":\"BreadcrumbList\",\"@id\":\"https:\\\/\\\/argyleassociates.com\\\/fr\\\/chirurgiens-retraites\\\/#breadcrumb\",\"itemListElement\":[{\"@type\":\"ListItem\",\"position\":1,\"name\":\"Home\",\"item\":\"https:\\\/\\\/argyleassociates.com\\\/fr\\\/\"},{\"@type\":\"ListItem\",\"position\":2,\"name\":\"Chirurgiens retrait\u00e9s\"}]},{\"@type\":\"WebSite\",\"@id\":\"https:\\\/\\\/argyleassociates.com\\\/fr\\\/#website\",\"url\":\"https:\\\/\\\/argyleassociates.com\\\/fr\\\/\",\"name\":\"Argyle Associates\",\"description\":\"Wisdom Teeth, Dental Implants &amp; Maxillofacial Surgery\",\"publisher\":{\"@id\":\"https:\\\/\\\/argyleassociates.com\\\/fr\\\/#organization\"},\"potentialAction\":[{\"@type\":\"SearchAction\",\"target\":{\"@type\":\"EntryPoint\",\"urlTemplate\":\"https:\\\/\\\/argyleassociates.com\\\/fr\\\/?s={search_term_string}\"},\"query-input\":{\"@type\":\"PropertyValueSpecification\",\"valueRequired\":true,\"valueName\":\"search_term_string\"}}],\"inLanguage\":\"fr-FR\"},{\"@type\":\"Organization\",\"@id\":\"https:\\\/\\\/argyleassociates.com\\\/fr\\\/#organization\",\"name\":\"Argyle Associates\",\"url\":\"https:\\\/\\\/argyleassociates.com\\\/fr\\\/\",\"logo\":{\"@type\":\"ImageObject\",\"inLanguage\":\"fr-FR\",\"@id\":\"https:\\\/\\\/argyleassociates.com\\\/fr\\\/#\\\/schema\\\/logo\\\/image\\\/\",\"url\":\"https:\\\/\\\/argyleassociates.com\\\/wp-content\\\/uploads\\\/2023\\\/06\\\/logo-en.jpg\",\"contentUrl\":\"https:\\\/\\\/argyleassociates.com\\\/wp-content\\\/uploads\\\/2023\\\/06\\\/logo-en.jpg\",\"width\":268,\"height\":129,\"caption\":\"Argyle Associates\"},\"image\":{\"@id\":\"https:\\\/\\\/argyleassociates.com\\\/fr\\\/#\\\/schema\\\/logo\\\/image\\\/\"},\"sameAs\":[\"https:\\\/\\\/www.facebook.com\\\/argyleassociates\\\/\",\"https:\\\/\\\/x.com\\\/ArgyleAssociate\",\"https:\\\/\\\/www.instagram.com\\\/argyleassociates1976\\\/\"]}]}<\/script>\n<!-- \/ Yoast SEO plugin. -->","yoast_head_json":{"title":"Chirurgiens retrait\u00e9s : Proc\u00e9dures maxillo-Faciales","description":"Argyle Associates : Sp\u00e9cialistes en Dentisterie Num\u00e9rique, Implants Dentaires, Traumatismes Faciaux et Greffes Osseuses.","robots":{"index":"index","follow":"follow","max-snippet":"max-snippet:-1","max-image-preview":"max-image-preview:large","max-video-preview":"max-video-preview:-1"},"canonical":"https:\/\/argyleassociates.com\/fr\/chirurgiens-retraites\/","og_locale":"fr_FR","og_type":"article","og_title":"Chirurgiens retrait\u00e9s : Proc\u00e9dures maxillo-Faciales","og_description":"Argyle Associates : Sp\u00e9cialistes en Dentisterie Num\u00e9rique, Implants Dentaires, Traumatismes Faciaux et Greffes Osseuses.","og_url":"https:\/\/argyleassociates.com\/fr\/chirurgiens-retraites\/","og_site_name":"Argyle Associates","article_publisher":"https:\/\/www.facebook.com\/argyleassociates\/","article_modified_time":"2024-04-09T22:31:53+00:00","og_image":[{"url":"https:\/\/argyleassociates.com\/wp-content\/uploads\/2023\/08\/Retired-Surgeons-1.jpg","type":"","width":"","height":""}],"twitter_card":"summary_large_image","twitter_site":"@ArgyleAssociate","twitter_misc":{"Dur\u00e9e de lecture estim\u00e9e":"2 minutes"},"schema":{"@context":"https:\/\/schema.org","@graph":[{"@type":"WebPage","@id":"https:\/\/argyleassociates.com\/fr\/chirurgiens-retraites\/","url":"https:\/\/argyleassociates.com\/fr\/chirurgiens-retraites\/","name":"Chirurgiens retrait\u00e9s : Proc\u00e9dures maxillo-Faciales","isPartOf":{"@id":"https:\/\/argyleassociates.com\/fr\/#website"},"primaryImageOfPage":{"@id":"https:\/\/argyleassociates.com\/fr\/chirurgiens-retraites\/#primaryimage"},"image":{"@id":"https:\/\/argyleassociates.com\/fr\/chirurgiens-retraites\/#primaryimage"},"thumbnailUrl":"https:\/\/argyleassociates.com\/wp-content\/uploads\/2023\/08\/Retired-Surgeons-1.jpg","datePublished":"2023-06-15T03:51:54+00:00","dateModified":"2024-04-09T22:31:53+00:00","description":"Argyle Associates : Sp\u00e9cialistes en Dentisterie Num\u00e9rique, Implants Dentaires, Traumatismes Faciaux et Greffes Osseuses.","breadcrumb":{"@id":"https:\/\/argyleassociates.com\/fr\/chirurgiens-retraites\/#breadcrumb"},"inLanguage":"fr-FR","potentialAction":[{"@type":"ReadAction","target":["https:\/\/argyleassociates.com\/fr\/chirurgiens-retraites\/"]}]},{"@type":"ImageObject","inLanguage":"fr-FR","@id":"https:\/\/argyleassociates.com\/fr\/chirurgiens-retraites\/#primaryimage","url":"https:\/\/argyleassociates.com\/wp-content\/uploads\/2023\/08\/Retired-Surgeons-1.jpg","contentUrl":"https:\/\/argyleassociates.com\/wp-content\/uploads\/2023\/08\/Retired-Surgeons-1.jpg"},{"@type":"BreadcrumbList","@id":"https:\/\/argyleassociates.com\/fr\/chirurgiens-retraites\/#breadcrumb","itemListElement":[{"@type":"ListItem","position":1,"name":"Home","item":"https:\/\/argyleassociates.com\/fr\/"},{"@type":"ListItem","position":2,"name":"Chirurgiens retrait\u00e9s"}]},{"@type":"WebSite","@id":"https:\/\/argyleassociates.com\/fr\/#website","url":"https:\/\/argyleassociates.com\/fr\/","name":"Argyle Associates","description":"Wisdom Teeth, Dental Implants &amp; Maxillofacial Surgery","publisher":{"@id":"https:\/\/argyleassociates.com\/fr\/#organization"},"potentialAction":[{"@type":"SearchAction","target":{"@type":"EntryPoint","urlTemplate":"https:\/\/argyleassociates.com\/fr\/?s={search_term_string}"},"query-input":{"@type":"PropertyValueSpecification","valueRequired":true,"valueName":"search_term_string"}}],"inLanguage":"fr-FR"},{"@type":"Organization","@id":"https:\/\/argyleassociates.com\/fr\/#organization","name":"Argyle Associates","url":"https:\/\/argyleassociates.com\/fr\/","logo":{"@type":"ImageObject","inLanguage":"fr-FR","@id":"https:\/\/argyleassociates.com\/fr\/#\/schema\/logo\/image\/","url":"https:\/\/argyleassociates.com\/wp-content\/uploads\/2023\/06\/logo-en.jpg","contentUrl":"https:\/\/argyleassociates.com\/wp-content\/uploads\/2023\/06\/logo-en.jpg","width":268,"height":129,"caption":"Argyle Associates"},"image":{"@id":"https:\/\/argyleassociates.com\/fr\/#\/schema\/logo\/image\/"},"sameAs":["https:\/\/www.facebook.com\/argyleassociates\/","https:\/\/x.com\/ArgyleAssociate","https:\/\/www.instagram.com\/argyleassociates1976\/"]}]}},"_links":{"self":[{"href":"https:\/\/argyleassociates.com\/fr\/wp-json\/wp\/v2\/pages\/10760","targetHints":{"allow":["GET"]}}],"collection":[{"href":"https:\/\/argyleassociates.com\/fr\/wp-json\/wp\/v2\/pages"}],"about":[{"href":"https:\/\/argyleassociates.com\/fr\/wp-json\/wp\/v2\/types\/page"}],"author":[{"embeddable":true,"href":"https:\/\/argyleassociates.com\/fr\/wp-json\/wp\/v2\/users\/1"}],"replies":[{"embeddable":true,"href":"https:\/\/argyleassociates.com\/fr\/wp-json\/wp\/v2\/comments?post=10760"}],"version-history":[{"count":11,"href":"https:\/\/argyleassociates.com\/fr\/wp-json\/wp\/v2\/pages\/10760\/revisions"}],"predecessor-version":[{"id":14368,"href":"https:\/\/argyleassociates.com\/fr\/wp-json\/wp\/v2\/pages\/10760\/revisions\/14368"}],"wp:attachment":[{"href":"https:\/\/argyleassociates.com\/fr\/wp-json\/wp\/v2\/media?parent=10760"}],"curies":[{"name":"wp","href":"https:\/\/api.w.org\/{rel}","templated":true}]}}