{"id":14403,"date":"2024-04-18T10:20:07","date_gmt":"2024-04-18T10:20:07","guid":{"rendered":"https:\/\/argyleassociates.com\/?page_id=14403"},"modified":"2024-08-02T11:13:56","modified_gmt":"2024-08-02T11:13:56","slug":"code-de-conduite","status":"publish","type":"page","link":"https:\/\/argyleassociates.com\/fr\/pour-les-patients\/code-de-conduite\/","title":{"rendered":"Code de Conduite"},"content":{"rendered":"\t\t<div data-elementor-type=\"wp-post\" data-elementor-id=\"14403\" class=\"elementor elementor-14403 elementor-14402\" data-elementor-post-type=\"page\">\n\t\t\t\t\t\t<section class=\"elementor-section elementor-top-section elementor-element elementor-element-5c82f8bc elementor-section-stretched elementor-section-boxed elementor-section-height-default elementor-section-height-default\" data-id=\"5c82f8bc\" data-element_type=\"section\" data-e-type=\"section\" data-settings=\"{&quot;stretch_section&quot;:&quot;section-stretched&quot;,&quot;background_background&quot;:&quot;classic&quot;}\">\n\t\t\t\t\t\t\t<div class=\"elementor-background-overlay\"><\/div>\n\t\t\t\t\t\t\t<div class=\"elementor-container elementor-column-gap-default\">\n\t\t\t\t\t<div class=\"elementor-column elementor-col-100 elementor-top-column elementor-element elementor-element-6fceb74c\" data-id=\"6fceb74c\" data-element_type=\"column\" data-e-type=\"column\">\n\t\t\t<div class=\"elementor-widget-wrap elementor-element-populated\">\n\t\t\t\t\t\t<div class=\"elementor-element elementor-element-4edf89a1 elementor-widget elementor-widget-rt-banner\" data-id=\"4edf89a1\" data-element_type=\"widget\" data-e-type=\"widget\" data-widget_type=\"rt-banner.default\">\n\t\t\t\t<div class=\"elementor-widget-container\">\n\t\t\t\t\t<div class=\"main-banner-wrap2 motion-effects-wrap\">\r\n\t\t<div class=\"shape-list\">\r\n\t  <ul>\r\n\t   \t  \t\t<li><\/li>\r\n\t  \t\t  <\/ul>\r\n\t<\/div>\r\n\t\t  <div class=\"row align-items-center\">\r\n\t    <div class=\"col-lg-6\">\r\n\t      <div class=\"main-banner-box1 main-banner-box4\">\r\n\t      \t\t        <div class=\"heading-title\">\r\n\t          <h1>Code de conduite<\/h1>\r\n\t        <\/div>\r\n\t        \t        \t        <div class=\"item-button\">\r\n\t          <a class=\"item-btn\" href=\"https:\/\/argyleassociates.com\/fr\/contactez-nous\/\">Contactez-nous<i class=\"fas fa-angle-right\"><\/i><\/a>\t        <\/div>\r\n\t        \t      <\/div>\r\n\t    <\/div>\r\n\t    <div class=\"col-lg-6\">\r\n\t      <div class=\"main-banner-box2 main-banner-box3 wow fadeInRight\" data-wow-delay=\".6s\">\r\n\t        <div class=\"item-img\">\r\n\t          \t        \t<img fetchpriority=\"high\" decoding=\"async\" width=\"1000\" height=\"600\" src=\"https:\/\/argyleassociates.com\/wp-content\/uploads\/2023\/08\/referral-form.jpg\" class=\"attachment-full size-full\" alt=\"Referral\" srcset=\"https:\/\/argyleassociates.com\/wp-content\/uploads\/2023\/08\/referral-form.jpg 1000w, https:\/\/argyleassociates.com\/wp-content\/uploads\/2023\/08\/referral-form-300x180.jpg 300w\" sizes=\"(max-width: 1000px) 100vw, 1000px\" \/>\t          \t          \t        <\/div>\r\n\t      <\/div>\r\n\t    <\/div>\r\n\t  <\/div>\r\n<\/div>\t\t\t\t<\/div>\n\t\t\t\t<\/div>\n\t\t\t\t\t<\/div>\n\t\t<\/div>\n\t\t\t\t\t<\/div>\n\t\t<\/section>\n\t\t\t\t<section class=\"elementor-section elementor-top-section elementor-element elementor-element-27d6e278 elementor-section-stretched elementor-section-boxed elementor-section-height-default elementor-section-height-default\" data-id=\"27d6e278\" data-element_type=\"section\" data-e-type=\"section\" data-settings=\"{&quot;stretch_section&quot;:&quot;section-stretched&quot;}\">\n\t\t\t\t\t\t<div class=\"elementor-container elementor-column-gap-default\">\n\t\t\t\t\t<div class=\"elementor-column elementor-col-50 elementor-top-column elementor-element elementor-element-2e0e6fd0\" data-id=\"2e0e6fd0\" data-element_type=\"column\" data-e-type=\"column\">\n\t\t\t<div class=\"elementor-widget-wrap elementor-element-populated\">\n\t\t\t\t\t\t<div class=\"elementor-element elementor-element-5b8378d9 elementor-widget__width-inherit elementor-widget elementor-widget-rt-text-with-title\" data-id=\"5b8378d9\" data-element_type=\"widget\" data-e-type=\"widget\" data-widget_type=\"rt-text-with-title.default\">\n\t\t\t\t<div class=\"elementor-widget-container\">\n\t\t\t\t\t\r\n<div class=\"rt-el-twt-5\">\t\r\n\t<div class=\"item-content\">\r\n\t\t\t\t<h2 class=\"item-title\">\n<\/h2>\r\n\t\t\t\t\t\t\t\t<p>Chez Argyle Associates, nous d\u00e9fendons le droit de nos employ\u00e9s d'\u00eatre trait\u00e9s avec respect, favorisant ainsi un environnement de travail s\u00fbr et positif.<\/p><p>Notre engagement en faveur d\u2019une tol\u00e9rance z\u00e9ro \u00e0 l\u2019\u00e9gard des agressions et de la violence au travail est crucial pour garantir le bien-\u00eatre de notre personnel.<\/p>\t\r\n\t\t\t<\/div>\r\n<\/div>\r\n\r\n\t\t\t\t<\/div>\n\t\t\t\t<\/div>\n\t\t\t\t\t<\/div>\n\t\t<\/div>\n\t\t\t\t<div class=\"elementor-column elementor-col-50 elementor-top-column elementor-element elementor-element-122cda7a\" data-id=\"122cda7a\" data-element_type=\"column\" data-e-type=\"column\" data-settings=\"{&quot;background_background&quot;:&quot;classic&quot;}\">\n\t\t\t<div class=\"elementor-widget-wrap elementor-element-populated\">\n\t\t\t\t\t\t<div class=\"elementor-element elementor-element-89358bb elementor-widget elementor-widget-rt-about-us\" data-id=\"89358bb\" data-element_type=\"widget\" data-e-type=\"widget\" data-widget_type=\"rt-about-us.default\">\n\t\t\t\t<div class=\"elementor-widget-container\">\n\t\t\t\t\t<div class=\"about-box-layout22 motion-effects-wrap\">\r\n    <figure class=\"item-img\">\r\n        \t\t<img decoding=\"async\" width=\"1000\" height=\"600\" src=\"https:\/\/argyleassociates.com\/wp-content\/uploads\/2023\/07\/Why-Have-I-Been-Referred.jpg\" class=\"attachment-full size-full\" alt=\"Ottawa oral surgery specialists\" srcset=\"https:\/\/argyleassociates.com\/wp-content\/uploads\/2023\/07\/Why-Have-I-Been-Referred.jpg 1000w, https:\/\/argyleassociates.com\/wp-content\/uploads\/2023\/07\/Why-Have-I-Been-Referred-300x180.jpg 300w\" sizes=\"(max-width: 1000px) 100vw, 1000px\" \/>\t\t        <div class=\"item-thumbs-img\">\r\n            <ul>\r\n            \t            <\/ul>\r\n        <\/div>\r\n        <div class=\"item-round\"><\/div>\r\n        <div class=\"shape-element\">\r\n            <ul>\r\n            \t\t\t\t    <li>\r\n\t\t\t    \t\t\t\t    <\/li>\r\n\t\t\t                <\/ul>\r\n        <\/div>\r\n        <div class=\"rt__circle\">\r\n            <div class=\"round-shape\"><i class=\"flaticon-medical-5\"><\/i><\/div>\r\n        <\/div>\r\n    <\/figure>\r\n<\/div>\r\n\t\t\t\t<\/div>\n\t\t\t\t<\/div>\n\t\t\t\t\t<\/div>\n\t\t<\/div>\n\t\t\t\t\t<\/div>\n\t\t<\/section>\n\t\t\t\t<section class=\"elementor-section elementor-top-section elementor-element elementor-element-bf3250a elementor-section-stretched elementor-section-boxed elementor-section-height-default elementor-section-height-default\" data-id=\"bf3250a\" data-element_type=\"section\" data-e-type=\"section\" data-settings=\"{&quot;stretch_section&quot;:&quot;section-stretched&quot;}\">\n\t\t\t\t\t\t<div class=\"elementor-container elementor-column-gap-default\">\n\t\t\t\t\t<div class=\"elementor-column elementor-col-100 elementor-top-column elementor-element elementor-element-3f1cd99\" data-id=\"3f1cd99\" data-element_type=\"column\" data-e-type=\"column\">\n\t\t\t<div class=\"elementor-widget-wrap elementor-element-populated\">\n\t\t\t\t\t\t<section class=\"elementor-section elementor-inner-section elementor-element elementor-element-6e7c456 elementor-section-boxed elementor-section-height-default elementor-section-height-default\" data-id=\"6e7c456\" data-element_type=\"section\" data-e-type=\"section\">\n\t\t\t\t\t\t<div class=\"elementor-container elementor-column-gap-default\">\n\t\t\t\t\t<div class=\"elementor-column elementor-col-100 elementor-inner-column elementor-element elementor-element-cc2d287\" data-id=\"cc2d287\" data-element_type=\"column\" data-e-type=\"column\">\n\t\t\t<div class=\"elementor-widget-wrap elementor-element-populated\">\n\t\t\t\t\t\t<div class=\"elementor-element elementor-element-4da04f0 elementor-widget elementor-widget-accordion\" data-id=\"4da04f0\" data-element_type=\"widget\" data-e-type=\"widget\" data-widget_type=\"accordion.default\">\n\t\t\t\t<div class=\"elementor-widget-container\">\n\t\t\t\t\t\t\t<div class=\"elementor-accordion\">\n\t\t\t\t\t\t\t<div class=\"elementor-accordion-item\">\n\t\t\t\t\t<div id=\"elementor-tab-title-8131\" class=\"elementor-tab-title\" data-tab=\"1\" role=\"button\" aria-controls=\"elementor-tab-content-8131\" aria-expanded=\"false\">\n\t\t\t\t\t\t\t\t\t\t\t\t\t<span class=\"elementor-accordion-icon elementor-accordion-icon-left\" aria-hidden=\"true\">\n\t\t\t\t\t\t\t\t\t\t\t\t\t\t\t<span class=\"elementor-accordion-icon-closed\"><i class=\"fas fa-plus\"><\/i><\/span>\n\t\t\t\t\t\t\t\t<span class=\"elementor-accordion-icon-opened\"><i class=\"fas fa-minus\"><\/i><\/span>\n\t\t\t\t\t\t\t\t\t\t\t\t\t\t<\/span>\n\t\t\t\t\t\t\t\t\t\t\t\t<a class=\"elementor-accordion-title\" tabindex=\"0\">CODE DE CONDUITE DES PATIENTS ET DES VISITEURS<\/a>\n\t\t\t\t\t<\/div>\n\t\t\t\t\t<div id=\"elementor-tab-content-8131\" class=\"elementor-tab-content elementor-clearfix\" data-tab=\"1\" role=\"region\" aria-labelledby=\"elementor-tab-title-8131\"><p>Nous d\u00e9finissons la violence et l&#8217;agression au travail comme tout incident au cours duquel un travailleur est menac\u00e9, maltrait\u00e9 ou agress\u00e9 au cours de son travail, notamment\u00a0:<\/p><p>\u2022 Menaces ou autres comportements intimidants faisant croire \u00e0 une personne qu&#8217;elle risque d&#8217;\u00eatre attaqu\u00e9e physiquement.<br \/>\u2022 Violence verbale, physique ou psychologique.<br \/>\u2022 Agression physique, telle que pousser, bousculer, tr\u00e9bucher, saisir, frapper, pincer, gratter, donner des coups de pied, mordre, cracher ou tout contact physique direct.<br \/>\u2022 Les voies de fait graves, incluant les attaques avec des armes (couteaux, fusils, gourdins) ou tout autre objet (objet lanc\u00e9, mobilier, etc.).<br \/>\u2022 Harc\u00e8lement sexuel et agression sexuelle.<\/p><p>Argyle Associates se r\u00e9serve le droit de demander \u00e0 toute personne agressive ou abusive de quitter nos locaux. Le refus de se conformer \u00e0 la demande peut entra\u00eener l\u2019intervention des forces de l\u2019ordre.<\/p><p>Notre personnel est l\u00e0 pour vous aider et vous traitera toujours avec courtoisie et respect. Nous demandons \u00e0 tous ceux qui interagissent avec les membres de notre personnel, ainsi qu&#8217;aux membres du public, de les traiter avec courtoisie et respect.<\/p><p>Pour renforcer notre engagement en faveur d&#8217;un lieu de travail s\u00fbr, Argyle Associates a mis en \u0153uvre une politique de tol\u00e9rance z\u00e9ro. Cela signifie que toute forme de comportement agressif ou violent envers notre personnel ou toute personne sur notre lieu de travail ne sera en aucun cas tol\u00e9r\u00e9e.<\/p><p>En cas de violence verbale, les individus recevront une lettre les informant qu&#8217;un tel comportement ne sera pas tol\u00e9r\u00e9. Toute violation future nous am\u00e8nera \u00e0 refuser de faire affaire en personne ou par t\u00e9l\u00e9phone avec le contrevenant et \u00e0 traiter avec lui uniquement par \u00e9crit, sans aucune proc\u00e9dure d&#8217;appel.<\/p><p>Les cas d\u2019abus \u00e9crits seront trait\u00e9s avec le m\u00eame niveau de s\u00e9v\u00e9rit\u00e9. Toute correspondance abusive re\u00e7ue par notre bureau sera conserv\u00e9e \u00e0 titre de r\u00e9f\u00e9rence, ce qui pourrait conduire \u00e0 l&#8217;intervention de la police si l&#8217;affaire persiste.<\/p><p>Merci d&#8217;avoir choisi Argyle Associates et de vous joindre \u00e0 nous dans notre engagement \u00e0 garantir un environnement s\u00fbr, bienveillant et inclusif pour tous.<\/p><\/div>\n\t\t\t\t<\/div>\n\t\t\t\t\t\t\t\t<\/div>\n\t\t\t\t\t\t<\/div>\n\t\t\t\t<\/div>\n\t\t\t\t\t<\/div>\n\t\t<\/div>\n\t\t\t\t\t<\/div>\n\t\t<\/section>\n\t\t\t\t\t<\/div>\n\t\t<\/div>\n\t\t\t\t\t<\/div>\n\t\t<\/section>\n\t\t\t\t<section class=\"elementor-section elementor-top-section elementor-element elementor-element-7a0a6d42 elementor-section-stretched elementor-section-boxed elementor-section-height-default elementor-section-height-default\" data-id=\"7a0a6d42\" data-element_type=\"section\" data-e-type=\"section\" data-settings=\"{&quot;stretch_section&quot;:&quot;section-stretched&quot;,&quot;background_background&quot;:&quot;classic&quot;}\">\n\t\t\t\t\t\t<div class=\"elementor-container elementor-column-gap-default\">\n\t\t\t\t\t<div class=\"elementor-column elementor-col-100 elementor-top-column elementor-element elementor-element-467d8285\" data-id=\"467d8285\" data-element_type=\"column\" data-e-type=\"column\">\n\t\t\t<div class=\"elementor-widget-wrap elementor-element-populated\">\n\t\t\t\t\t\t<div class=\"elementor-element elementor-element-44088450 elementor-widget elementor-widget-rt-cta\" data-id=\"44088450\" data-element_type=\"widget\" data-e-type=\"widget\" data-widget_type=\"rt-cta.default\">\n\t\t\t\t<div class=\"elementor-widget-container\">\n\t\t\t\t\t\r\n<div class=\"call-to-action-box-layout6\">\r\n            <p class=\"item-sub-title\">Contactez-nous aujourd'hui<\/p>\r\n       \r\n          <h2 class=\"item-title\">Nous demanderons \u00e0 l'un de nos professionnels qualifi\u00e9s de vous r\u00e9pondre dans les plus brefs d\u00e9lais.<\/h2>\r\n          \r\n        <div class=\"call-to-action-btn\">\r\n        <a class=\"item-btn\" href=\"https:\/\/argyleassociates.com\/fr\/contactez-nous\/\">Contactez-nous!<\/a>                                  \r\n    <\/div>      \r\n       \r\n<\/div>\r\n\r\n\t\t\t\t<\/div>\n\t\t\t\t<\/div>\n\t\t\t\t\t<\/div>\n\t\t<\/div>\n\t\t\t\t\t<\/div>\n\t\t<\/section>\n\t\t\t\t<\/div>\n\t\t","protected":false},"excerpt":{"rendered":"<p>Code de conduite Contactez-nous Chez Argyle Associates, nous d\u00e9fendons le droit de nos employ\u00e9s d&#8217;\u00eatre trait\u00e9s avec respect, favorisant ainsi un environnement de travail s\u00fbr et positif. Notre engagement en faveur d\u2019une tol\u00e9rance z\u00e9ro \u00e0 l\u2019\u00e9gard des agressions et de la violence au travail est crucial pour garantir le bien-\u00eatre de notre personnel. CODE DE&#8230;<\/p>\n","protected":false},"author":1,"featured_media":12090,"parent":10758,"menu_order":0,"comment_status":"closed","ping_status":"closed","template":"elementor_header_footer","meta":{"inline_featured_image":false,"footnotes":""},"class_list":["post-14403","page","type-page","status-publish","has-post-thumbnail","hentry"],"yoast_head":"<!-- This site is optimized with the Yoast SEO plugin v27.3 - https:\/\/yoast.com\/product\/yoast-seo-wordpress\/ -->\n<title>Code de conduite des patients et des visiteurs: Argyle Associates<\/title>\n<meta name=\"description\" content=\"Expertise en anesth\u00e9sie chirurgicale, pose d&#039;implants dentaires et extraction des dents de sagesse. Choisissez la qualit\u00e9.\" \/>\n<meta name=\"robots\" content=\"index, follow, max-snippet:-1, max-image-preview:large, max-video-preview:-1\" \/>\n<link rel=\"canonical\" href=\"https:\/\/argyleassociates.com\/fr\/pour-les-patients\/code-de-conduite\/\" \/>\n<meta property=\"og:locale\" content=\"fr_FR\" \/>\n<meta property=\"og:type\" content=\"article\" \/>\n<meta property=\"og:title\" content=\"Code de conduite des patients et des visiteurs: Argyle Associates\" \/>\n<meta property=\"og:description\" content=\"Expertise en anesth\u00e9sie chirurgicale, pose d&#039;implants dentaires et extraction des dents de sagesse. Choisissez la qualit\u00e9.\" \/>\n<meta property=\"og:url\" content=\"https:\/\/argyleassociates.com\/fr\/pour-les-patients\/code-de-conduite\/\" \/>\n<meta property=\"og:site_name\" content=\"Argyle Associates\" \/>\n<meta property=\"article:publisher\" content=\"https:\/\/www.facebook.com\/argyleassociates\/\" \/>\n<meta property=\"article:modified_time\" content=\"2024-08-02T11:13:56+00:00\" \/>\n<meta property=\"og:image\" content=\"https:\/\/argyleassociates.com\/wp-content\/uploads\/2023\/08\/referringoinformation.jpg\" \/>\n\t<meta property=\"og:image:width\" content=\"1000\" \/>\n\t<meta property=\"og:image:height\" content=\"600\" \/>\n\t<meta property=\"og:image:type\" content=\"image\/jpeg\" \/>\n<meta name=\"twitter:card\" content=\"summary_large_image\" \/>\n<meta name=\"twitter:site\" content=\"@ArgyleAssociate\" \/>\n<meta name=\"twitter:label1\" content=\"Dur\u00e9e de lecture estim\u00e9e\" \/>\n\t<meta name=\"twitter:data1\" content=\"3 minutes\" \/>\n<script type=\"application\/ld+json\" class=\"yoast-schema-graph\">{\"@context\":\"https:\\\/\\\/schema.org\",\"@graph\":[{\"@type\":\"WebPage\",\"@id\":\"https:\\\/\\\/argyleassociates.com\\\/fr\\\/pour-les-patients\\\/code-de-conduite\\\/\",\"url\":\"https:\\\/\\\/argyleassociates.com\\\/fr\\\/pour-les-patients\\\/code-de-conduite\\\/\",\"name\":\"Code de conduite des patients et des visiteurs: Argyle Associates\",\"isPartOf\":{\"@id\":\"https:\\\/\\\/argyleassociates.com\\\/fr\\\/#website\"},\"primaryImageOfPage\":{\"@id\":\"https:\\\/\\\/argyleassociates.com\\\/fr\\\/pour-les-patients\\\/code-de-conduite\\\/#primaryimage\"},\"image\":{\"@id\":\"https:\\\/\\\/argyleassociates.com\\\/fr\\\/pour-les-patients\\\/code-de-conduite\\\/#primaryimage\"},\"thumbnailUrl\":\"https:\\\/\\\/argyleassociates.com\\\/wp-content\\\/uploads\\\/2023\\\/08\\\/referringoinformation.jpg\",\"datePublished\":\"2024-04-18T10:20:07+00:00\",\"dateModified\":\"2024-08-02T11:13:56+00:00\",\"description\":\"Expertise en anesth\u00e9sie chirurgicale, pose d'implants dentaires et extraction des dents de sagesse. Choisissez la qualit\u00e9.\",\"breadcrumb\":{\"@id\":\"https:\\\/\\\/argyleassociates.com\\\/fr\\\/pour-les-patients\\\/code-de-conduite\\\/#breadcrumb\"},\"inLanguage\":\"fr-FR\",\"potentialAction\":[{\"@type\":\"ReadAction\",\"target\":[\"https:\\\/\\\/argyleassociates.com\\\/fr\\\/pour-les-patients\\\/code-de-conduite\\\/\"]}]},{\"@type\":\"ImageObject\",\"inLanguage\":\"fr-FR\",\"@id\":\"https:\\\/\\\/argyleassociates.com\\\/fr\\\/pour-les-patients\\\/code-de-conduite\\\/#primaryimage\",\"url\":\"https:\\\/\\\/argyleassociates.com\\\/wp-content\\\/uploads\\\/2023\\\/08\\\/referringoinformation.jpg\",\"contentUrl\":\"https:\\\/\\\/argyleassociates.com\\\/wp-content\\\/uploads\\\/2023\\\/08\\\/referringoinformation.jpg\",\"width\":1000,\"height\":600,\"caption\":\"personal information\"},{\"@type\":\"BreadcrumbList\",\"@id\":\"https:\\\/\\\/argyleassociates.com\\\/fr\\\/pour-les-patients\\\/code-de-conduite\\\/#breadcrumb\",\"itemListElement\":[{\"@type\":\"ListItem\",\"position\":1,\"name\":\"Home\",\"item\":\"https:\\\/\\\/argyleassociates.com\\\/fr\\\/\"},{\"@type\":\"ListItem\",\"position\":2,\"name\":\"Pour les patients\",\"item\":\"https:\\\/\\\/argyleassociates.com\\\/fr\\\/pour-les-patients\\\/\"},{\"@type\":\"ListItem\",\"position\":3,\"name\":\"Code de Conduite\"}]},{\"@type\":\"WebSite\",\"@id\":\"https:\\\/\\\/argyleassociates.com\\\/fr\\\/#website\",\"url\":\"https:\\\/\\\/argyleassociates.com\\\/fr\\\/\",\"name\":\"Argyle Associates\",\"description\":\"Wisdom Teeth, Dental Implants &amp; Maxillofacial Surgery\",\"publisher\":{\"@id\":\"https:\\\/\\\/argyleassociates.com\\\/fr\\\/#organization\"},\"potentialAction\":[{\"@type\":\"SearchAction\",\"target\":{\"@type\":\"EntryPoint\",\"urlTemplate\":\"https:\\\/\\\/argyleassociates.com\\\/fr\\\/?s={search_term_string}\"},\"query-input\":{\"@type\":\"PropertyValueSpecification\",\"valueRequired\":true,\"valueName\":\"search_term_string\"}}],\"inLanguage\":\"fr-FR\"},{\"@type\":\"Organization\",\"@id\":\"https:\\\/\\\/argyleassociates.com\\\/fr\\\/#organization\",\"name\":\"Argyle Associates\",\"url\":\"https:\\\/\\\/argyleassociates.com\\\/fr\\\/\",\"logo\":{\"@type\":\"ImageObject\",\"inLanguage\":\"fr-FR\",\"@id\":\"https:\\\/\\\/argyleassociates.com\\\/fr\\\/#\\\/schema\\\/logo\\\/image\\\/\",\"url\":\"https:\\\/\\\/argyleassociates.com\\\/wp-content\\\/uploads\\\/2023\\\/06\\\/logo-en.jpg\",\"contentUrl\":\"https:\\\/\\\/argyleassociates.com\\\/wp-content\\\/uploads\\\/2023\\\/06\\\/logo-en.jpg\",\"width\":268,\"height\":129,\"caption\":\"Argyle Associates\"},\"image\":{\"@id\":\"https:\\\/\\\/argyleassociates.com\\\/fr\\\/#\\\/schema\\\/logo\\\/image\\\/\"},\"sameAs\":[\"https:\\\/\\\/www.facebook.com\\\/argyleassociates\\\/\",\"https:\\\/\\\/x.com\\\/ArgyleAssociate\",\"https:\\\/\\\/www.instagram.com\\\/argyleassociates1976\\\/\"]}]}<\/script>\n<!-- \/ Yoast SEO plugin. -->","yoast_head_json":{"title":"Code de conduite des patients et des visiteurs: Argyle Associates","description":"Expertise en anesth\u00e9sie chirurgicale, pose d'implants dentaires et extraction des dents de sagesse. Choisissez la qualit\u00e9.","robots":{"index":"index","follow":"follow","max-snippet":"max-snippet:-1","max-image-preview":"max-image-preview:large","max-video-preview":"max-video-preview:-1"},"canonical":"https:\/\/argyleassociates.com\/fr\/pour-les-patients\/code-de-conduite\/","og_locale":"fr_FR","og_type":"article","og_title":"Code de conduite des patients et des visiteurs: Argyle Associates","og_description":"Expertise en anesth\u00e9sie chirurgicale, pose d'implants dentaires et extraction des dents de sagesse. Choisissez la qualit\u00e9.","og_url":"https:\/\/argyleassociates.com\/fr\/pour-les-patients\/code-de-conduite\/","og_site_name":"Argyle Associates","article_publisher":"https:\/\/www.facebook.com\/argyleassociates\/","article_modified_time":"2024-08-02T11:13:56+00:00","og_image":[{"width":1000,"height":600,"url":"https:\/\/argyleassociates.com\/wp-content\/uploads\/2023\/08\/referringoinformation.jpg","type":"image\/jpeg"}],"twitter_card":"summary_large_image","twitter_site":"@ArgyleAssociate","twitter_misc":{"Dur\u00e9e de lecture estim\u00e9e":"3 minutes"},"schema":{"@context":"https:\/\/schema.org","@graph":[{"@type":"WebPage","@id":"https:\/\/argyleassociates.com\/fr\/pour-les-patients\/code-de-conduite\/","url":"https:\/\/argyleassociates.com\/fr\/pour-les-patients\/code-de-conduite\/","name":"Code de conduite des patients et des visiteurs: Argyle Associates","isPartOf":{"@id":"https:\/\/argyleassociates.com\/fr\/#website"},"primaryImageOfPage":{"@id":"https:\/\/argyleassociates.com\/fr\/pour-les-patients\/code-de-conduite\/#primaryimage"},"image":{"@id":"https:\/\/argyleassociates.com\/fr\/pour-les-patients\/code-de-conduite\/#primaryimage"},"thumbnailUrl":"https:\/\/argyleassociates.com\/wp-content\/uploads\/2023\/08\/referringoinformation.jpg","datePublished":"2024-04-18T10:20:07+00:00","dateModified":"2024-08-02T11:13:56+00:00","description":"Expertise en anesth\u00e9sie chirurgicale, pose d'implants dentaires et extraction des dents de sagesse. Choisissez la qualit\u00e9.","breadcrumb":{"@id":"https:\/\/argyleassociates.com\/fr\/pour-les-patients\/code-de-conduite\/#breadcrumb"},"inLanguage":"fr-FR","potentialAction":[{"@type":"ReadAction","target":["https:\/\/argyleassociates.com\/fr\/pour-les-patients\/code-de-conduite\/"]}]},{"@type":"ImageObject","inLanguage":"fr-FR","@id":"https:\/\/argyleassociates.com\/fr\/pour-les-patients\/code-de-conduite\/#primaryimage","url":"https:\/\/argyleassociates.com\/wp-content\/uploads\/2023\/08\/referringoinformation.jpg","contentUrl":"https:\/\/argyleassociates.com\/wp-content\/uploads\/2023\/08\/referringoinformation.jpg","width":1000,"height":600,"caption":"personal information"},{"@type":"BreadcrumbList","@id":"https:\/\/argyleassociates.com\/fr\/pour-les-patients\/code-de-conduite\/#breadcrumb","itemListElement":[{"@type":"ListItem","position":1,"name":"Home","item":"https:\/\/argyleassociates.com\/fr\/"},{"@type":"ListItem","position":2,"name":"Pour les patients","item":"https:\/\/argyleassociates.com\/fr\/pour-les-patients\/"},{"@type":"ListItem","position":3,"name":"Code de Conduite"}]},{"@type":"WebSite","@id":"https:\/\/argyleassociates.com\/fr\/#website","url":"https:\/\/argyleassociates.com\/fr\/","name":"Argyle Associates","description":"Wisdom Teeth, Dental Implants &amp; Maxillofacial Surgery","publisher":{"@id":"https:\/\/argyleassociates.com\/fr\/#organization"},"potentialAction":[{"@type":"SearchAction","target":{"@type":"EntryPoint","urlTemplate":"https:\/\/argyleassociates.com\/fr\/?s={search_term_string}"},"query-input":{"@type":"PropertyValueSpecification","valueRequired":true,"valueName":"search_term_string"}}],"inLanguage":"fr-FR"},{"@type":"Organization","@id":"https:\/\/argyleassociates.com\/fr\/#organization","name":"Argyle Associates","url":"https:\/\/argyleassociates.com\/fr\/","logo":{"@type":"ImageObject","inLanguage":"fr-FR","@id":"https:\/\/argyleassociates.com\/fr\/#\/schema\/logo\/image\/","url":"https:\/\/argyleassociates.com\/wp-content\/uploads\/2023\/06\/logo-en.jpg","contentUrl":"https:\/\/argyleassociates.com\/wp-content\/uploads\/2023\/06\/logo-en.jpg","width":268,"height":129,"caption":"Argyle Associates"},"image":{"@id":"https:\/\/argyleassociates.com\/fr\/#\/schema\/logo\/image\/"},"sameAs":["https:\/\/www.facebook.com\/argyleassociates\/","https:\/\/x.com\/ArgyleAssociate","https:\/\/www.instagram.com\/argyleassociates1976\/"]}]}},"_links":{"self":[{"href":"https:\/\/argyleassociates.com\/fr\/wp-json\/wp\/v2\/pages\/14403","targetHints":{"allow":["GET"]}}],"collection":[{"href":"https:\/\/argyleassociates.com\/fr\/wp-json\/wp\/v2\/pages"}],"about":[{"href":"https:\/\/argyleassociates.com\/fr\/wp-json\/wp\/v2\/types\/page"}],"author":[{"embeddable":true,"href":"https:\/\/argyleassociates.com\/fr\/wp-json\/wp\/v2\/users\/1"}],"replies":[{"embeddable":true,"href":"https:\/\/argyleassociates.com\/fr\/wp-json\/wp\/v2\/comments?post=14403"}],"version-history":[{"count":6,"href":"https:\/\/argyleassociates.com\/fr\/wp-json\/wp\/v2\/pages\/14403\/revisions"}],"predecessor-version":[{"id":14533,"href":"https:\/\/argyleassociates.com\/fr\/wp-json\/wp\/v2\/pages\/14403\/revisions\/14533"}],"up":[{"embeddable":true,"href":"https:\/\/argyleassociates.com\/fr\/wp-json\/wp\/v2\/pages\/10758"}],"wp:featuredmedia":[{"embeddable":true,"href":"https:\/\/argyleassociates.com\/fr\/wp-json\/wp\/v2\/media\/12090"}],"wp:attachment":[{"href":"https:\/\/argyleassociates.com\/fr\/wp-json\/wp\/v2\/media?parent=14403"}],"curies":[{"name":"wp","href":"https:\/\/api.w.org\/{rel}","templated":true}]}}