{"id":14558,"date":"2024-09-20T14:27:56","date_gmt":"2024-09-20T14:27:56","guid":{"rendered":"https:\/\/argyleassociates.com\/?page_id=14558"},"modified":"2024-09-20T14:31:35","modified_gmt":"2024-09-20T14:31:35","slug":"2019-journee-de-leducation","status":"publish","type":"page","link":"https:\/\/argyleassociates.com\/fr\/pour-les-medecins-referents\/2019-journee-de-leducation\/","title":{"rendered":"2019 Journ\u00e9e de l&#8217;\u00e9ducation"},"content":{"rendered":"\t\t<div data-elementor-type=\"wp-page\" data-elementor-id=\"14558\" class=\"elementor elementor-14558 elementor-14557\" data-elementor-post-type=\"page\">\n\t\t\t\t\t\t<section class=\"elementor-section elementor-top-section elementor-element elementor-element-4c042b7f elementor-section-stretched elementor-section-boxed elementor-section-height-default elementor-section-height-default\" data-id=\"4c042b7f\" data-element_type=\"section\" data-e-type=\"section\" data-settings=\"{&quot;stretch_section&quot;:&quot;section-stretched&quot;,&quot;background_background&quot;:&quot;classic&quot;}\">\n\t\t\t\t\t\t\t<div class=\"elementor-background-overlay\"><\/div>\n\t\t\t\t\t\t\t<div class=\"elementor-container elementor-column-gap-default\">\n\t\t\t\t\t<div class=\"elementor-column elementor-col-100 elementor-top-column elementor-element elementor-element-7618c8f6\" data-id=\"7618c8f6\" data-element_type=\"column\" data-e-type=\"column\">\n\t\t\t<div class=\"elementor-widget-wrap elementor-element-populated\">\n\t\t\t\t\t\t<div class=\"elementor-element elementor-element-538215a6 elementor-widget elementor-widget-rt-banner\" data-id=\"538215a6\" data-element_type=\"widget\" data-e-type=\"widget\" data-widget_type=\"rt-banner.default\">\n\t\t\t\t<div class=\"elementor-widget-container\">\n\t\t\t\t\t<div class=\"main-banner-wrap2 motion-effects-wrap\">\r\n\t\t<div class=\"shape-list\">\r\n\t  <ul>\r\n\t   \t  \t\t<li><\/li>\r\n\t  \t\t  <\/ul>\r\n\t<\/div>\r\n\t\t  <div class=\"row align-items-center\">\r\n\t    <div class=\"col-lg-6\">\r\n\t      <div class=\"main-banner-box1 main-banner-box4\">\r\n\t      \t\t        <div class=\"heading-title\">\r\n\t          <h1>Journ\u00e9e de l&#039;\u00e9ducation<\/h1>\r\n\t        <\/div>\r\n\t        \t        \t        <div class=\"item-button\">\r\n\t          <a class=\"item-btn\" href=\"https:\/\/argyleassociates.com\/fr\/contactez-nous\/\">Contactez-nous<i class=\"fas fa-angle-right\"><\/i><\/a>\t        <\/div>\r\n\t        \t      <\/div>\r\n\t    <\/div>\r\n\t    <div class=\"col-lg-6\">\r\n\t      <div class=\"main-banner-box2 main-banner-box3 wow fadeInRight\" data-wow-delay=\".6s\">\r\n\t        <div class=\"item-img\">\r\n\t          \t        \t<img fetchpriority=\"high\" decoding=\"async\" width=\"1000\" height=\"400\" src=\"https:\/\/argyleassociates.com\/wp-content\/uploads\/2023\/08\/educationday.jpeg\" class=\"attachment-full size-full\" alt=\"Education Day\" srcset=\"https:\/\/argyleassociates.com\/wp-content\/uploads\/2023\/08\/educationday.jpeg 1000w, https:\/\/argyleassociates.com\/wp-content\/uploads\/2023\/08\/educationday-300x120.jpeg 300w\" sizes=\"(max-width: 1000px) 100vw, 1000px\" \/>\t          \t          \t        <\/div>\r\n\t      <\/div>\r\n\t    <\/div>\r\n\t  <\/div>\r\n<\/div>\t\t\t\t<\/div>\n\t\t\t\t<\/div>\n\t\t\t\t\t<\/div>\n\t\t<\/div>\n\t\t\t\t\t<\/div>\n\t\t<\/section>\n\t\t\t\t<section class=\"elementor-section elementor-top-section elementor-element elementor-element-7400052 elementor-section-stretched elementor-section-boxed elementor-section-height-default elementor-section-height-default\" data-id=\"7400052\" data-element_type=\"section\" data-e-type=\"section\" id=\"hideit\" data-settings=\"{&quot;stretch_section&quot;:&quot;section-stretched&quot;}\">\n\t\t\t\t\t\t<div class=\"elementor-container elementor-column-gap-default\">\n\t\t\t\t\t<div class=\"elementor-column elementor-col-50 elementor-top-column elementor-element elementor-element-be95334\" data-id=\"be95334\" data-element_type=\"column\" data-e-type=\"column\">\n\t\t\t<div class=\"elementor-widget-wrap elementor-element-populated\">\n\t\t\t\t\t\t<div class=\"elementor-element elementor-element-c5efbbe elementor-widget__width-inherit elementor-widget elementor-widget-rt-text-with-title\" data-id=\"c5efbbe\" data-element_type=\"widget\" data-e-type=\"widget\" data-widget_type=\"rt-text-with-title.default\">\n\t\t\t\t<div class=\"elementor-widget-container\">\n\t\t\t\t\t\r\n<div class=\"rt-el-twt-5\">\t\r\n\t<div class=\"item-content\">\r\n\t\t\t\t\t\t\t\t<p>On Friday, November 1, Argyle hosted its annual Education Day at the Ottawa Conference Centre. This is the 31st consecutive year that Argyle has hosted this event. The program focused on technological innovations in surgery and dentistry. Over 270 people attended the event. The feedback has been very positive. Argyle would like to thank all of our sponsors and the many people who helped to make the Education Day such a success.<\/p>\t\r\n\t\t\t<\/div>\r\n<\/div>\r\n\r\n\t\t\t\t<\/div>\n\t\t\t\t<\/div>\n\t\t\t\t\t<\/div>\n\t\t<\/div>\n\t\t\t\t<div class=\"elementor-column elementor-col-50 elementor-top-column elementor-element elementor-element-a3ee0eb\" data-id=\"a3ee0eb\" data-element_type=\"column\" data-e-type=\"column\" data-settings=\"{&quot;background_background&quot;:&quot;classic&quot;}\">\n\t\t\t<div class=\"elementor-widget-wrap elementor-element-populated\">\n\t\t\t\t\t\t<div class=\"elementor-element elementor-element-e26e278 elementor-widget elementor-widget-rt-about-us\" data-id=\"e26e278\" data-element_type=\"widget\" data-e-type=\"widget\" data-widget_type=\"rt-about-us.default\">\n\t\t\t\t<div class=\"elementor-widget-container\">\n\t\t\t\t\t<div class=\"about-box-layout22 motion-effects-wrap\">\r\n    <figure class=\"item-img\">\r\n        \t\t<img decoding=\"async\" width=\"1000\" height=\"600\" src=\"https:\/\/argyleassociates.com\/wp-content\/uploads\/2023\/07\/Education-and-Training.jpg\" class=\"attachment-full size-full\" alt=\"Advanced dental implants Ottawa\" srcset=\"https:\/\/argyleassociates.com\/wp-content\/uploads\/2023\/07\/Education-and-Training.jpg 1000w, https:\/\/argyleassociates.com\/wp-content\/uploads\/2023\/07\/Education-and-Training-300x180.jpg 300w\" sizes=\"(max-width: 1000px) 100vw, 1000px\" \/>\t\t        <div class=\"item-thumbs-img\">\r\n            <ul>\r\n            \t            <\/ul>\r\n        <\/div>\r\n        <div class=\"item-round\"><\/div>\r\n        <div class=\"shape-element\">\r\n            <ul>\r\n            \t\t\t\t    <li>\r\n\t\t\t    \t\t\t\t    <\/li>\r\n\t\t\t                <\/ul>\r\n        <\/div>\r\n        <div class=\"rt__circle\">\r\n            <div class=\"round-shape\"><i class=\"flaticon-medical-5\"><\/i><\/div>\r\n        <\/div>\r\n    <\/figure>\r\n<\/div>\r\n\t\t\t\t<\/div>\n\t\t\t\t<\/div>\n\t\t\t\t\t<\/div>\n\t\t<\/div>\n\t\t\t\t\t<\/div>\n\t\t<\/section>\n\t\t\t\t<section class=\"elementor-section elementor-top-section elementor-element elementor-element-da56d80 elementor-section-stretched elementor-section-boxed elementor-section-height-default elementor-section-height-default\" data-id=\"da56d80\" data-element_type=\"section\" data-e-type=\"section\" data-settings=\"{&quot;stretch_section&quot;:&quot;section-stretched&quot;}\">\n\t\t\t\t\t\t<div class=\"elementor-container elementor-column-gap-default\">\n\t\t\t\t\t<div class=\"elementor-column elementor-col-100 elementor-top-column elementor-element elementor-element-01e4bc1\" data-id=\"01e4bc1\" data-element_type=\"column\" data-e-type=\"column\">\n\t\t\t<div class=\"elementor-widget-wrap elementor-element-populated\">\n\t\t\t\t\t\t<div class=\"elementor-element elementor-element-ae44c69 elementor-widget elementor-widget-image\" data-id=\"ae44c69\" data-element_type=\"widget\" data-e-type=\"widget\" data-widget_type=\"image.default\">\n\t\t\t\t<div class=\"elementor-widget-container\">\n\t\t\t\t\t\t\t\t\t\t\t\t\t\t\t<img decoding=\"async\" width=\"897\" height=\"1024\" src=\"https:\/\/argyleassociates.com\/wp-content\/uploads\/2023\/07\/ARGYLE_EDUCATION-cropped-min-897x1024.jpg\" class=\"attachment-large size-large wp-image-10505\" alt=\"\" srcset=\"https:\/\/argyleassociates.com\/wp-content\/uploads\/2023\/07\/ARGYLE_EDUCATION-cropped-min-897x1024.jpg 897w, https:\/\/argyleassociates.com\/wp-content\/uploads\/2023\/07\/ARGYLE_EDUCATION-cropped-min-263x300.jpg 263w, https:\/\/argyleassociates.com\/wp-content\/uploads\/2023\/07\/ARGYLE_EDUCATION-cropped-min-1345x1536.jpg 1345w, https:\/\/argyleassociates.com\/wp-content\/uploads\/2023\/07\/ARGYLE_EDUCATION-cropped-min-1793x2048.jpg 1793w\" sizes=\"(max-width: 897px) 100vw, 897px\" \/>\t\t\t\t\t\t\t\t\t\t\t\t\t\t\t<\/div>\n\t\t\t\t<\/div>\n\t\t\t\t<div class=\"elementor-element elementor-element-ccd6797 elementor-widget elementor-widget-text-editor\" data-id=\"ccd6797\" data-element_type=\"widget\" data-e-type=\"widget\" data-widget_type=\"text-editor.default\">\n\t\t\t\t<div class=\"elementor-widget-container\">\n\t\t\t\t\t\t\t\t\tArgyle Associates est unanimement reconnu comme un leader incontest\u00e9 de la chirurgie buccale et maxillo-faciale \u00e0 Ottawa. Nos chirurgiens buccaux et maxillo-faciaux de renom sont des pionniers dans leur domaine, offrant une expertise in\u00e9gal\u00e9e et un engagement sans faille envers l&#8217;excellence des soins. En tant que figure de proue de la profession dans la r\u00e9gion, nous nous effor\u00e7ons constamment de repousser les limites de la pratique m\u00e9dicale et de garantir des r\u00e9sultats exceptionnels pour nos patients. Avec Argyle Associates, vous pouvez \u00eatre assur\u00e9 de recevoir les meilleurs soins possibles dans le domaine de la chirurgie dentaire et maxillo-faciale \u00e0 Ottawa.\t\t\t\t\t\t\t\t<\/div>\n\t\t\t\t<\/div>\n\t\t\t\t\t<\/div>\n\t\t<\/div>\n\t\t\t\t\t<\/div>\n\t\t<\/section>\n\t\t\t\t<section class=\"elementor-section elementor-top-section elementor-element elementor-element-48c38513 elementor-section-stretched elementor-section-boxed elementor-section-height-default elementor-section-height-default\" data-id=\"48c38513\" data-element_type=\"section\" data-e-type=\"section\" data-settings=\"{&quot;stretch_section&quot;:&quot;section-stretched&quot;,&quot;background_background&quot;:&quot;classic&quot;}\">\n\t\t\t\t\t\t<div class=\"elementor-container elementor-column-gap-default\">\n\t\t\t\t\t<div class=\"elementor-column elementor-col-100 elementor-top-column elementor-element elementor-element-5cb43c15\" data-id=\"5cb43c15\" data-element_type=\"column\" data-e-type=\"column\">\n\t\t\t<div class=\"elementor-widget-wrap elementor-element-populated\">\n\t\t\t\t\t\t<div class=\"elementor-element elementor-element-42e4109f elementor-widget elementor-widget-rt-cta\" data-id=\"42e4109f\" data-element_type=\"widget\" data-e-type=\"widget\" data-widget_type=\"rt-cta.default\">\n\t\t\t\t<div class=\"elementor-widget-container\">\n\t\t\t\t\t\r\n<div class=\"call-to-action-box-layout6\">\r\n            <p class=\"item-sub-title\">Contactez-nous aujourd'hui<\/p>\r\n       \r\n          <h2 class=\"item-title\">Un de nos professionnels qualifi\u00e9s vous r\u00e9pondra dans les plus brefs d\u00e9lais.<\/h2>\r\n          \r\n        <div class=\"call-to-action-btn\">\r\n        <a class=\"item-btn\" href=\"https:\/\/argyleassociates.com\/fr\/contactez-nous\/\">Contactez-nous!<\/a>                                  \r\n    <\/div>      \r\n       \r\n<\/div>\r\n\r\n\t\t\t\t<\/div>\n\t\t\t\t<\/div>\n\t\t\t\t\t<\/div>\n\t\t<\/div>\n\t\t\t\t\t<\/div>\n\t\t<\/section>\n\t\t\t\t<\/div>\n\t\t","protected":false},"excerpt":{"rendered":"<p>Journ\u00e9e de l&#8217;\u00e9ducation Contactez-nous On Friday, November 1, Argyle hosted its annual Education Day at the Ottawa Conference Centre. This is the 31st consecutive year that Argyle has hosted this event. The program focused on technological innovations in surgery and dentistry. Over 270 people attended the event. The feedback has been very positive. Argyle would&#8230;<\/p>\n","protected":false},"author":1,"featured_media":10697,"parent":10718,"menu_order":0,"comment_status":"closed","ping_status":"closed","template":"elementor_header_footer","meta":{"inline_featured_image":false,"footnotes":""},"class_list":["post-14558","page","type-page","status-publish","has-post-thumbnail","hentry"],"yoast_head":"<!-- This site is optimized with the Yoast SEO plugin v27.3 - https:\/\/yoast.com\/product\/yoast-seo-wordpress\/ -->\n<title>2019 Journ\u00e9e de l&#039;\u00e9ducation : rofessionnels Dentaires et M\u00e9dicaux<\/title>\n<meta name=\"description\" content=\"D\u00e9couvrez l&#039;excellence en chirurgie d&#039;anesth\u00e9sie, pose d&#039;implants dentaires et retrait de dents de sagesse. Soins dentaires sans compromis.\" \/>\n<meta name=\"robots\" content=\"index, follow, max-snippet:-1, max-image-preview:large, max-video-preview:-1\" \/>\n<link rel=\"canonical\" href=\"https:\/\/argyleassociates.com\/fr\/pour-les-medecins-referents\/2019-journee-de-leducation\/\" \/>\n<meta property=\"og:locale\" content=\"fr_FR\" \/>\n<meta property=\"og:type\" content=\"article\" \/>\n<meta property=\"og:title\" content=\"2019 Journ\u00e9e de l&#039;\u00e9ducation : rofessionnels Dentaires et M\u00e9dicaux\" \/>\n<meta property=\"og:description\" content=\"D\u00e9couvrez l&#039;excellence en chirurgie d&#039;anesth\u00e9sie, pose d&#039;implants dentaires et retrait de dents de sagesse. Soins dentaires sans compromis.\" \/>\n<meta property=\"og:url\" content=\"https:\/\/argyleassociates.com\/fr\/pour-les-medecins-referents\/2019-journee-de-leducation\/\" \/>\n<meta property=\"og:site_name\" content=\"Argyle Associates\" \/>\n<meta property=\"article:publisher\" content=\"https:\/\/www.facebook.com\/argyleassociates\/\" \/>\n<meta property=\"article:modified_time\" content=\"2024-09-20T14:31:35+00:00\" \/>\n<meta property=\"og:image\" content=\"https:\/\/argyleassociates.com\/wp-content\/uploads\/2023\/08\/educationday.jpeg\" \/>\n\t<meta property=\"og:image:width\" content=\"1000\" \/>\n\t<meta property=\"og:image:height\" content=\"400\" \/>\n\t<meta property=\"og:image:type\" content=\"image\/jpeg\" \/>\n<meta name=\"twitter:card\" content=\"summary_large_image\" \/>\n<meta name=\"twitter:site\" content=\"@ArgyleAssociate\" \/>\n<meta name=\"twitter:label1\" content=\"Dur\u00e9e de lecture estim\u00e9e\" \/>\n\t<meta name=\"twitter:data1\" content=\"2 minutes\" \/>\n<script type=\"application\/ld+json\" class=\"yoast-schema-graph\">{\"@context\":\"https:\\\/\\\/schema.org\",\"@graph\":[{\"@type\":\"WebPage\",\"@id\":\"https:\\\/\\\/argyleassociates.com\\\/fr\\\/pour-les-medecins-referents\\\/2019-journee-de-leducation\\\/\",\"url\":\"https:\\\/\\\/argyleassociates.com\\\/fr\\\/pour-les-medecins-referents\\\/2019-journee-de-leducation\\\/\",\"name\":\"2019 Journ\u00e9e de l'\u00e9ducation : rofessionnels Dentaires et M\u00e9dicaux\",\"isPartOf\":{\"@id\":\"https:\\\/\\\/argyleassociates.com\\\/fr\\\/#website\"},\"primaryImageOfPage\":{\"@id\":\"https:\\\/\\\/argyleassociates.com\\\/fr\\\/pour-les-medecins-referents\\\/2019-journee-de-leducation\\\/#primaryimage\"},\"image\":{\"@id\":\"https:\\\/\\\/argyleassociates.com\\\/fr\\\/pour-les-medecins-referents\\\/2019-journee-de-leducation\\\/#primaryimage\"},\"thumbnailUrl\":\"https:\\\/\\\/argyleassociates.com\\\/wp-content\\\/uploads\\\/2023\\\/08\\\/educationday.jpeg\",\"datePublished\":\"2024-09-20T14:27:56+00:00\",\"dateModified\":\"2024-09-20T14:31:35+00:00\",\"description\":\"D\u00e9couvrez l'excellence en chirurgie d'anesth\u00e9sie, pose d'implants dentaires et retrait de dents de sagesse. Soins dentaires sans compromis.\",\"breadcrumb\":{\"@id\":\"https:\\\/\\\/argyleassociates.com\\\/fr\\\/pour-les-medecins-referents\\\/2019-journee-de-leducation\\\/#breadcrumb\"},\"inLanguage\":\"fr-FR\",\"potentialAction\":[{\"@type\":\"ReadAction\",\"target\":[\"https:\\\/\\\/argyleassociates.com\\\/fr\\\/pour-les-medecins-referents\\\/2019-journee-de-leducation\\\/\"]}]},{\"@type\":\"ImageObject\",\"inLanguage\":\"fr-FR\",\"@id\":\"https:\\\/\\\/argyleassociates.com\\\/fr\\\/pour-les-medecins-referents\\\/2019-journee-de-leducation\\\/#primaryimage\",\"url\":\"https:\\\/\\\/argyleassociates.com\\\/wp-content\\\/uploads\\\/2023\\\/08\\\/educationday.jpeg\",\"contentUrl\":\"https:\\\/\\\/argyleassociates.com\\\/wp-content\\\/uploads\\\/2023\\\/08\\\/educationday.jpeg\",\"width\":1000,\"height\":400,\"caption\":\"Photo of light bulbs with shining fibers in a shape of TRAINING and EDUCATION concept related words isolated on black background\"},{\"@type\":\"BreadcrumbList\",\"@id\":\"https:\\\/\\\/argyleassociates.com\\\/fr\\\/pour-les-medecins-referents\\\/2019-journee-de-leducation\\\/#breadcrumb\",\"itemListElement\":[{\"@type\":\"ListItem\",\"position\":1,\"name\":\"Home\",\"item\":\"https:\\\/\\\/argyleassociates.com\\\/fr\\\/\"},{\"@type\":\"ListItem\",\"position\":2,\"name\":\"Pour les m\u00e9decins r\u00e9f\u00e9rents\",\"item\":\"https:\\\/\\\/argyleassociates.com\\\/fr\\\/pour-les-medecins-referents\\\/\"},{\"@type\":\"ListItem\",\"position\":3,\"name\":\"2019 Journ\u00e9e de l&#8217;\u00e9ducation\"}]},{\"@type\":\"WebSite\",\"@id\":\"https:\\\/\\\/argyleassociates.com\\\/fr\\\/#website\",\"url\":\"https:\\\/\\\/argyleassociates.com\\\/fr\\\/\",\"name\":\"Argyle Associates\",\"description\":\"Wisdom Teeth, Dental Implants &amp; Maxillofacial Surgery\",\"publisher\":{\"@id\":\"https:\\\/\\\/argyleassociates.com\\\/fr\\\/#organization\"},\"potentialAction\":[{\"@type\":\"SearchAction\",\"target\":{\"@type\":\"EntryPoint\",\"urlTemplate\":\"https:\\\/\\\/argyleassociates.com\\\/fr\\\/?s={search_term_string}\"},\"query-input\":{\"@type\":\"PropertyValueSpecification\",\"valueRequired\":true,\"valueName\":\"search_term_string\"}}],\"inLanguage\":\"fr-FR\"},{\"@type\":\"Organization\",\"@id\":\"https:\\\/\\\/argyleassociates.com\\\/fr\\\/#organization\",\"name\":\"Argyle Associates\",\"url\":\"https:\\\/\\\/argyleassociates.com\\\/fr\\\/\",\"logo\":{\"@type\":\"ImageObject\",\"inLanguage\":\"fr-FR\",\"@id\":\"https:\\\/\\\/argyleassociates.com\\\/fr\\\/#\\\/schema\\\/logo\\\/image\\\/\",\"url\":\"https:\\\/\\\/argyleassociates.com\\\/wp-content\\\/uploads\\\/2023\\\/06\\\/logo-en.jpg\",\"contentUrl\":\"https:\\\/\\\/argyleassociates.com\\\/wp-content\\\/uploads\\\/2023\\\/06\\\/logo-en.jpg\",\"width\":268,\"height\":129,\"caption\":\"Argyle Associates\"},\"image\":{\"@id\":\"https:\\\/\\\/argyleassociates.com\\\/fr\\\/#\\\/schema\\\/logo\\\/image\\\/\"},\"sameAs\":[\"https:\\\/\\\/www.facebook.com\\\/argyleassociates\\\/\",\"https:\\\/\\\/x.com\\\/ArgyleAssociate\",\"https:\\\/\\\/www.instagram.com\\\/argyleassociates1976\\\/\"]}]}<\/script>\n<!-- \/ Yoast SEO plugin. -->","yoast_head_json":{"title":"2019 Journ\u00e9e de l'\u00e9ducation : rofessionnels Dentaires et M\u00e9dicaux","description":"D\u00e9couvrez l'excellence en chirurgie d'anesth\u00e9sie, pose d'implants dentaires et retrait de dents de sagesse. Soins dentaires sans compromis.","robots":{"index":"index","follow":"follow","max-snippet":"max-snippet:-1","max-image-preview":"max-image-preview:large","max-video-preview":"max-video-preview:-1"},"canonical":"https:\/\/argyleassociates.com\/fr\/pour-les-medecins-referents\/2019-journee-de-leducation\/","og_locale":"fr_FR","og_type":"article","og_title":"2019 Journ\u00e9e de l'\u00e9ducation : rofessionnels Dentaires et M\u00e9dicaux","og_description":"D\u00e9couvrez l'excellence en chirurgie d'anesth\u00e9sie, pose d'implants dentaires et retrait de dents de sagesse. Soins dentaires sans compromis.","og_url":"https:\/\/argyleassociates.com\/fr\/pour-les-medecins-referents\/2019-journee-de-leducation\/","og_site_name":"Argyle Associates","article_publisher":"https:\/\/www.facebook.com\/argyleassociates\/","article_modified_time":"2024-09-20T14:31:35+00:00","og_image":[{"width":1000,"height":400,"url":"https:\/\/argyleassociates.com\/wp-content\/uploads\/2023\/08\/educationday.jpeg","type":"image\/jpeg"}],"twitter_card":"summary_large_image","twitter_site":"@ArgyleAssociate","twitter_misc":{"Dur\u00e9e de lecture estim\u00e9e":"2 minutes"},"schema":{"@context":"https:\/\/schema.org","@graph":[{"@type":"WebPage","@id":"https:\/\/argyleassociates.com\/fr\/pour-les-medecins-referents\/2019-journee-de-leducation\/","url":"https:\/\/argyleassociates.com\/fr\/pour-les-medecins-referents\/2019-journee-de-leducation\/","name":"2019 Journ\u00e9e de l'\u00e9ducation : rofessionnels Dentaires et M\u00e9dicaux","isPartOf":{"@id":"https:\/\/argyleassociates.com\/fr\/#website"},"primaryImageOfPage":{"@id":"https:\/\/argyleassociates.com\/fr\/pour-les-medecins-referents\/2019-journee-de-leducation\/#primaryimage"},"image":{"@id":"https:\/\/argyleassociates.com\/fr\/pour-les-medecins-referents\/2019-journee-de-leducation\/#primaryimage"},"thumbnailUrl":"https:\/\/argyleassociates.com\/wp-content\/uploads\/2023\/08\/educationday.jpeg","datePublished":"2024-09-20T14:27:56+00:00","dateModified":"2024-09-20T14:31:35+00:00","description":"D\u00e9couvrez l'excellence en chirurgie d'anesth\u00e9sie, pose d'implants dentaires et retrait de dents de sagesse. Soins dentaires sans compromis.","breadcrumb":{"@id":"https:\/\/argyleassociates.com\/fr\/pour-les-medecins-referents\/2019-journee-de-leducation\/#breadcrumb"},"inLanguage":"fr-FR","potentialAction":[{"@type":"ReadAction","target":["https:\/\/argyleassociates.com\/fr\/pour-les-medecins-referents\/2019-journee-de-leducation\/"]}]},{"@type":"ImageObject","inLanguage":"fr-FR","@id":"https:\/\/argyleassociates.com\/fr\/pour-les-medecins-referents\/2019-journee-de-leducation\/#primaryimage","url":"https:\/\/argyleassociates.com\/wp-content\/uploads\/2023\/08\/educationday.jpeg","contentUrl":"https:\/\/argyleassociates.com\/wp-content\/uploads\/2023\/08\/educationday.jpeg","width":1000,"height":400,"caption":"Photo of light bulbs with shining fibers in a shape of TRAINING and EDUCATION concept related words isolated on black background"},{"@type":"BreadcrumbList","@id":"https:\/\/argyleassociates.com\/fr\/pour-les-medecins-referents\/2019-journee-de-leducation\/#breadcrumb","itemListElement":[{"@type":"ListItem","position":1,"name":"Home","item":"https:\/\/argyleassociates.com\/fr\/"},{"@type":"ListItem","position":2,"name":"Pour les m\u00e9decins r\u00e9f\u00e9rents","item":"https:\/\/argyleassociates.com\/fr\/pour-les-medecins-referents\/"},{"@type":"ListItem","position":3,"name":"2019 Journ\u00e9e de l&#8217;\u00e9ducation"}]},{"@type":"WebSite","@id":"https:\/\/argyleassociates.com\/fr\/#website","url":"https:\/\/argyleassociates.com\/fr\/","name":"Argyle Associates","description":"Wisdom Teeth, Dental Implants &amp; Maxillofacial Surgery","publisher":{"@id":"https:\/\/argyleassociates.com\/fr\/#organization"},"potentialAction":[{"@type":"SearchAction","target":{"@type":"EntryPoint","urlTemplate":"https:\/\/argyleassociates.com\/fr\/?s={search_term_string}"},"query-input":{"@type":"PropertyValueSpecification","valueRequired":true,"valueName":"search_term_string"}}],"inLanguage":"fr-FR"},{"@type":"Organization","@id":"https:\/\/argyleassociates.com\/fr\/#organization","name":"Argyle Associates","url":"https:\/\/argyleassociates.com\/fr\/","logo":{"@type":"ImageObject","inLanguage":"fr-FR","@id":"https:\/\/argyleassociates.com\/fr\/#\/schema\/logo\/image\/","url":"https:\/\/argyleassociates.com\/wp-content\/uploads\/2023\/06\/logo-en.jpg","contentUrl":"https:\/\/argyleassociates.com\/wp-content\/uploads\/2023\/06\/logo-en.jpg","width":268,"height":129,"caption":"Argyle Associates"},"image":{"@id":"https:\/\/argyleassociates.com\/fr\/#\/schema\/logo\/image\/"},"sameAs":["https:\/\/www.facebook.com\/argyleassociates\/","https:\/\/x.com\/ArgyleAssociate","https:\/\/www.instagram.com\/argyleassociates1976\/"]}]}},"_links":{"self":[{"href":"https:\/\/argyleassociates.com\/fr\/wp-json\/wp\/v2\/pages\/14558","targetHints":{"allow":["GET"]}}],"collection":[{"href":"https:\/\/argyleassociates.com\/fr\/wp-json\/wp\/v2\/pages"}],"about":[{"href":"https:\/\/argyleassociates.com\/fr\/wp-json\/wp\/v2\/types\/page"}],"author":[{"embeddable":true,"href":"https:\/\/argyleassociates.com\/fr\/wp-json\/wp\/v2\/users\/1"}],"replies":[{"embeddable":true,"href":"https:\/\/argyleassociates.com\/fr\/wp-json\/wp\/v2\/comments?post=14558"}],"version-history":[{"count":2,"href":"https:\/\/argyleassociates.com\/fr\/wp-json\/wp\/v2\/pages\/14558\/revisions"}],"predecessor-version":[{"id":14562,"href":"https:\/\/argyleassociates.com\/fr\/wp-json\/wp\/v2\/pages\/14558\/revisions\/14562"}],"up":[{"embeddable":true,"href":"https:\/\/argyleassociates.com\/fr\/wp-json\/wp\/v2\/pages\/10718"}],"wp:featuredmedia":[{"embeddable":true,"href":"https:\/\/argyleassociates.com\/fr\/wp-json\/wp\/v2\/media\/10697"}],"wp:attachment":[{"href":"https:\/\/argyleassociates.com\/fr\/wp-json\/wp\/v2\/media?parent=14558"}],"curies":[{"name":"wp","href":"https:\/\/api.w.org\/{rel}","templated":true}]}}